{"id":5416,"date":"2021-01-05T15:02:58","date_gmt":"2021-01-05T18:02:58","guid":{"rendered":"https:\/\/boutiqueeventos.com.br\/site\/?post_type=product&#038;p=5416"},"modified":"2021-01-05T15:56:31","modified_gmt":"2021-01-05T18:56:31","slug":"paineis-tapadeiras","status":"publish","type":"product","link":"https:\/\/boutiqueeventos.com.br\/site\/produto\/paineis-tapadeiras\/","title":{"rendered":"Pain\u00e9is\/tapadeiras"},"content":{"rendered":"<p>Pain\u00e9is\/tapadeiras<\/p>\n<p>Servi\u00e7o de pain\u00e9is, tapadeiras ou paredes falsas para fechamento ou redu\u00e7\u00e3o de espa\u00e7o.<\/p>\n<p>Or\u00e7amento sob consulta de acordo com metragem e tipo de tecidos<\/p>\n","protected":false},"excerpt":{"rendered":"<p>Pain\u00e9is\/tapadeiras Servi\u00e7o de pain\u00e9is, tapadeiras ou paredes falsas para fechamento ou redu\u00e7\u00e3o de espa\u00e7o. Or\u00e7amento sob consulta de acordo com metragem e tipo de tecidos<\/p>\n","protected":false},"featured_media":5441,"comment_status":"open","ping_status":"closed","template":"","meta":[],"product_cat":[113,117],"product_tag":[],"_links":{"self":[{"href":"https:\/\/boutiqueeventos.com.br\/site\/wp-json\/wp\/v2\/product\/5416"}],"collection":[{"href":"https:\/\/boutiqueeventos.com.br\/site\/wp-json\/wp\/v2\/product"}],"about":[{"href":"https:\/\/boutiqueeventos.com.br\/site\/wp-json\/wp\/v2\/types\/product"}],"replies":[{"embeddable":true,"href":"https:\/\/boutiqueeventos.com.br\/site\/wp-json\/wp\/v2\/comments?post=5416"}],"wp:featuredmedia":[{"embeddable":true,"href":"https:\/\/boutiqueeventos.com.br\/site\/wp-json\/wp\/v2\/media\/5441"}],"wp:attachment":[{"href":"https:\/\/boutiqueeventos.com.br\/site\/wp-json\/wp\/v2\/media?parent=5416"}],"wp:term":[{"taxonomy":"product_cat","embeddable":true,"href":"https:\/\/boutiqueeventos.com.br\/site\/wp-json\/wp\/v2\/product_cat?post=5416"},{"taxonomy":"product_tag","embeddable":true,"href":"https:\/\/boutiqueeventos.com.br\/site\/wp-json\/wp\/v2\/product_tag?post=5416"}],"curies":[{"name":"wp","href":"https:\/\/api.w.org\/{rel}","templated":true}]}}