{"id":5444,"date":"2021-01-05T16:12:30","date_gmt":"2021-01-05T19:12:30","guid":{"rendered":"https:\/\/boutiqueeventos.com.br\/site\/?post_type=product&#038;p=5444"},"modified":"2021-01-05T16:54:36","modified_gmt":"2021-01-05T19:54:36","slug":"janelas-cenograficas","status":"publish","type":"product","link":"https:\/\/boutiqueeventos.com.br\/site\/produto\/janelas-cenograficas\/","title":{"rendered":"Janelas Cenogr\u00e1ficas"},"content":{"rendered":"<p>Janelas cenogr\u00e1ficas estrutura de ferro e forra\u00e7\u00e3o em tecido com ou sem arco<\/p>\n<p>Medidas com arco = 3,50 x 2,00m<\/p>\n<p>Medidas sem arco = 2,50 x 2,00m<\/p>\n<p>&nbsp;<\/p>\n<p>&nbsp;<\/p>\n","protected":false},"excerpt":{"rendered":"<p>Janelas cenogr\u00e1ficas estrutura de ferro e forra\u00e7\u00e3o em tecido com ou sem arco Medidas com arco = 3,50 x 2,00m Medidas sem arco = 2,50 x 2,00m &nbsp; &nbsp;<\/p>\n","protected":false},"featured_media":5445,"comment_status":"open","ping_status":"closed","template":"","meta":[],"product_cat":[113,117],"product_tag":[],"_links":{"self":[{"href":"https:\/\/boutiqueeventos.com.br\/site\/wp-json\/wp\/v2\/product\/5444"}],"collection":[{"href":"https:\/\/boutiqueeventos.com.br\/site\/wp-json\/wp\/v2\/product"}],"about":[{"href":"https:\/\/boutiqueeventos.com.br\/site\/wp-json\/wp\/v2\/types\/product"}],"replies":[{"embeddable":true,"href":"https:\/\/boutiqueeventos.com.br\/site\/wp-json\/wp\/v2\/comments?post=5444"}],"wp:featuredmedia":[{"embeddable":true,"href":"https:\/\/boutiqueeventos.com.br\/site\/wp-json\/wp\/v2\/media\/5445"}],"wp:attachment":[{"href":"https:\/\/boutiqueeventos.com.br\/site\/wp-json\/wp\/v2\/media?parent=5444"}],"wp:term":[{"taxonomy":"product_cat","embeddable":true,"href":"https:\/\/boutiqueeventos.com.br\/site\/wp-json\/wp\/v2\/product_cat?post=5444"},{"taxonomy":"product_tag","embeddable":true,"href":"https:\/\/boutiqueeventos.com.br\/site\/wp-json\/wp\/v2\/product_tag?post=5444"}],"curies":[{"name":"wp","href":"https:\/\/api.w.org\/{rel}","templated":true}]}}