{"id":5582,"date":"2021-01-28T12:23:25","date_gmt":"2021-01-28T15:23:25","guid":{"rendered":"https:\/\/boutiqueeventos.com.br\/site\/?post_type=product&#038;p=5582"},"modified":"2023-04-25T08:28:26","modified_gmt":"2023-04-25T11:28:26","slug":"suporte-aereo-de-ferro-c-lampadas-de-filamento-150x150m-ref-83016","status":"publish","type":"product","link":"https:\/\/boutiqueeventos.com.br\/site\/produto\/suporte-aereo-de-ferro-c-lampadas-de-filamento-150x150m-ref-83016\/","title":{"rendered":"Suporte a\u00e9reo de ferro c\/l\u00e2mpadas de filamento 1,50&#215;1,50m &#8211; REF 83016"},"content":{"rendered":"<p>Estrutura a\u00e9reo de ferro c\/10 l\u00e2mpadas de filamento<\/p>\n<p>REF 83016<\/p>\n<p>Medidas: 1,50&#215;1,50m<\/p>\n<p>Material: ferro\/l\u00e2mpadas de filamento (acompanha 10 l\u00e2mpadas)<\/p>\n<p>Cor: marrom<\/p>\n<p>OBS:<\/p>\n<ul>\n<li>Consultar instala\u00e7\u00e3o<\/li>\n<li>N\u00c3O ACOMPANHA TRELI\u00c7A DE VEGETA\u00c7\u00c3O ARTIFICIAL (existente na foto), e demais decora\u00e7\u00f5es com flores, folhagens, galhos, lanternas e pendentes.<\/li>\n<\/ul>\n","protected":false},"excerpt":{"rendered":"<p>Estrutura a\u00e9reo de ferro c\/10 l\u00e2mpadas de filamento REF 83016 Medidas: 1,50&#215;1,50m Material: ferro\/l\u00e2mpadas de filamento (acompanha 10 l\u00e2mpadas) Cor: marrom OBS: Consultar instala\u00e7\u00e3o N\u00c3O ACOMPANHA TRELI\u00c7A DE VEGETA\u00c7\u00c3O ARTIFICIAL (existente na foto), e demais decora\u00e7\u00f5es com flores, folhagens, galhos, lanternas e pendentes.<\/p>\n","protected":false},"featured_media":5583,"comment_status":"open","ping_status":"closed","template":"","meta":[],"product_cat":[124,137],"product_tag":[],"_links":{"self":[{"href":"https:\/\/boutiqueeventos.com.br\/site\/wp-json\/wp\/v2\/product\/5582"}],"collection":[{"href":"https:\/\/boutiqueeventos.com.br\/site\/wp-json\/wp\/v2\/product"}],"about":[{"href":"https:\/\/boutiqueeventos.com.br\/site\/wp-json\/wp\/v2\/types\/product"}],"replies":[{"embeddable":true,"href":"https:\/\/boutiqueeventos.com.br\/site\/wp-json\/wp\/v2\/comments?post=5582"}],"wp:featuredmedia":[{"embeddable":true,"href":"https:\/\/boutiqueeventos.com.br\/site\/wp-json\/wp\/v2\/media\/5583"}],"wp:attachment":[{"href":"https:\/\/boutiqueeventos.com.br\/site\/wp-json\/wp\/v2\/media?parent=5582"}],"wp:term":[{"taxonomy":"product_cat","embeddable":true,"href":"https:\/\/boutiqueeventos.com.br\/site\/wp-json\/wp\/v2\/product_cat?post=5582"},{"taxonomy":"product_tag","embeddable":true,"href":"https:\/\/boutiqueeventos.com.br\/site\/wp-json\/wp\/v2\/product_tag?post=5582"}],"curies":[{"name":"wp","href":"https:\/\/api.w.org\/{rel}","templated":true}]}}