{"id":5671,"date":"2021-02-01T17:42:04","date_gmt":"2021-02-01T20:42:04","guid":{"rendered":"https:\/\/boutiqueeventos.com.br\/site\/?post_type=product&#038;p=5671"},"modified":"2021-02-01T17:42:05","modified_gmt":"2021-02-01T20:42:05","slug":"mesa-retangular-em-madeira-de-demolicao-200x100x080-ref-55806","status":"publish","type":"product","link":"https:\/\/boutiqueeventos.com.br\/site\/produto\/mesa-retangular-em-madeira-de-demolicao-200x100x080-ref-55806\/","title":{"rendered":"Mesa Retangular em madeira de demoli\u00e7\u00e3o 2,00&#215;1,00&#215;0,80 &#8211; REF 55806"},"content":{"rendered":"<p>Mesa Retangular em madeira de demoli\u00e7\u00e3o &#8211;<\/p>\n<p>REF 55806<\/p>\n<p>Medidas: 2,00&#215;1,00&#215;0,80<\/p>\n<p>Material: Madeira canela<\/p>\n","protected":false},"excerpt":{"rendered":"<p>Mesa Retangular em madeira de demoli\u00e7\u00e3o &#8211; REF 55806 Medidas: 2,00&#215;1,00&#215;0,80 Material: Madeira canela<\/p>\n","protected":false},"featured_media":5673,"comment_status":"open","ping_status":"closed","template":"","meta":[],"product_cat":[139,126],"product_tag":[],"_links":{"self":[{"href":"https:\/\/boutiqueeventos.com.br\/site\/wp-json\/wp\/v2\/product\/5671"}],"collection":[{"href":"https:\/\/boutiqueeventos.com.br\/site\/wp-json\/wp\/v2\/product"}],"about":[{"href":"https:\/\/boutiqueeventos.com.br\/site\/wp-json\/wp\/v2\/types\/product"}],"replies":[{"embeddable":true,"href":"https:\/\/boutiqueeventos.com.br\/site\/wp-json\/wp\/v2\/comments?post=5671"}],"wp:featuredmedia":[{"embeddable":true,"href":"https:\/\/boutiqueeventos.com.br\/site\/wp-json\/wp\/v2\/media\/5673"}],"wp:attachment":[{"href":"https:\/\/boutiqueeventos.com.br\/site\/wp-json\/wp\/v2\/media?parent=5671"}],"wp:term":[{"taxonomy":"product_cat","embeddable":true,"href":"https:\/\/boutiqueeventos.com.br\/site\/wp-json\/wp\/v2\/product_cat?post=5671"},{"taxonomy":"product_tag","embeddable":true,"href":"https:\/\/boutiqueeventos.com.br\/site\/wp-json\/wp\/v2\/product_tag?post=5671"}],"curies":[{"name":"wp","href":"https:\/\/api.w.org\/{rel}","templated":true}]}}