{"id":5712,"date":"2021-02-02T17:09:13","date_gmt":"2021-02-02T20:09:13","guid":{"rendered":"https:\/\/boutiqueeventos.com.br\/site\/?post_type=product&#038;p=5712"},"modified":"2023-08-16T08:26:08","modified_gmt":"2023-08-16T11:26:08","slug":"conj-bistro-comunitario-teca-12-lugares-ref-455","status":"publish","type":"product","link":"https:\/\/boutiqueeventos.com.br\/site\/produto\/conj-bistro-comunitario-teca-12-lugares-ref-455\/","title":{"rendered":"Conj. bistr\u00f4 comunit\u00e1rio Teca 12 lugares &#8211; REF 455"},"content":{"rendered":"<p>Conjunto bistr\u00f4 comunit\u00e1rio Teca 2,50x 0,70cm 12 lugares<\/p>\n<p>01 Mesa bistr\u00f4 teca comunit\u00e1ria 2,50\u00d70,70\u00d71,00m (comprimento x largura x altura)<\/p>\n<p>12 Banquetas teca 0,35\u00d70,35\u00d70,75m (comprimento x largura x altura)<\/p>\n<p>REF 455<\/p>\n<p>Material: Base de ferro e tampo em madeira<\/p>\n<p>&nbsp;<\/p>\n<p>&nbsp;<\/p>\n","protected":false},"excerpt":{"rendered":"<p>Conjunto bistr\u00f4 comunit\u00e1rio Teca 2,50x 0,70cm 12 lugares 01 Mesa bistr\u00f4 teca comunit\u00e1ria 2,50\u00d70,70\u00d71,00m (comprimento x largura x altura) 12 Banquetas teca 0,35\u00d70,35\u00d70,75m (comprimento x largura x altura) REF 455 Material: Base de ferro e tampo em madeira &nbsp; &nbsp;<\/p>\n","protected":false},"featured_media":5713,"comment_status":"open","ping_status":"closed","template":"","meta":[],"product_cat":[140,126],"product_tag":[],"_links":{"self":[{"href":"https:\/\/boutiqueeventos.com.br\/site\/wp-json\/wp\/v2\/product\/5712"}],"collection":[{"href":"https:\/\/boutiqueeventos.com.br\/site\/wp-json\/wp\/v2\/product"}],"about":[{"href":"https:\/\/boutiqueeventos.com.br\/site\/wp-json\/wp\/v2\/types\/product"}],"replies":[{"embeddable":true,"href":"https:\/\/boutiqueeventos.com.br\/site\/wp-json\/wp\/v2\/comments?post=5712"}],"wp:featuredmedia":[{"embeddable":true,"href":"https:\/\/boutiqueeventos.com.br\/site\/wp-json\/wp\/v2\/media\/5713"}],"wp:attachment":[{"href":"https:\/\/boutiqueeventos.com.br\/site\/wp-json\/wp\/v2\/media?parent=5712"}],"wp:term":[{"taxonomy":"product_cat","embeddable":true,"href":"https:\/\/boutiqueeventos.com.br\/site\/wp-json\/wp\/v2\/product_cat?post=5712"},{"taxonomy":"product_tag","embeddable":true,"href":"https:\/\/boutiqueeventos.com.br\/site\/wp-json\/wp\/v2\/product_tag?post=5712"}],"curies":[{"name":"wp","href":"https:\/\/api.w.org\/{rel}","templated":true}]}}