{"id":5714,"date":"2021-02-02T17:26:02","date_gmt":"2021-02-02T20:26:02","guid":{"rendered":"https:\/\/boutiqueeventos.com.br\/site\/?post_type=product&#038;p=5714"},"modified":"2021-02-02T17:31:39","modified_gmt":"2021-02-02T20:31:39","slug":"conj-bistro-comunitario-madeira-demolicao-c-06-banquetas-ref-1482","status":"publish","type":"product","link":"https:\/\/boutiqueeventos.com.br\/site\/produto\/conj-bistro-comunitario-madeira-demolicao-c-06-banquetas-ref-1482\/","title":{"rendered":"Conj. bistr\u00f4 comunit\u00e1rio demoli\u00e7\u00e3o 06 lugares &#8211; REF 1482"},"content":{"rendered":"<p>Conj. bistr\u00f4 comunit\u00e1rio madeira demoli\u00e7\u00e3o c\/06 banquetas &#8211;<\/p>\n<ul>\n<li>01 mesa em madeira demoli\u00e7\u00e3o 2,00 x 0,70 x 1,00 (comp. x larg. x altura)<\/li>\n<li>06 banquetas estilo mineira<\/li>\n<\/ul>\n<p>REF 1482<\/p>\n","protected":false},"excerpt":{"rendered":"<p>Conj. bistr\u00f4 comunit\u00e1rio madeira demoli\u00e7\u00e3o c\/06 banquetas &#8211; 01 mesa em madeira demoli\u00e7\u00e3o 2,00 x 0,70 x 1,00 (comp. x larg. x altura) 06 banquetas estilo mineira REF 1482<\/p>\n","protected":false},"featured_media":5716,"comment_status":"open","ping_status":"closed","template":"","meta":[],"product_cat":[140,126],"product_tag":[],"_links":{"self":[{"href":"https:\/\/boutiqueeventos.com.br\/site\/wp-json\/wp\/v2\/product\/5714"}],"collection":[{"href":"https:\/\/boutiqueeventos.com.br\/site\/wp-json\/wp\/v2\/product"}],"about":[{"href":"https:\/\/boutiqueeventos.com.br\/site\/wp-json\/wp\/v2\/types\/product"}],"replies":[{"embeddable":true,"href":"https:\/\/boutiqueeventos.com.br\/site\/wp-json\/wp\/v2\/comments?post=5714"}],"wp:featuredmedia":[{"embeddable":true,"href":"https:\/\/boutiqueeventos.com.br\/site\/wp-json\/wp\/v2\/media\/5716"}],"wp:attachment":[{"href":"https:\/\/boutiqueeventos.com.br\/site\/wp-json\/wp\/v2\/media?parent=5714"}],"wp:term":[{"taxonomy":"product_cat","embeddable":true,"href":"https:\/\/boutiqueeventos.com.br\/site\/wp-json\/wp\/v2\/product_cat?post=5714"},{"taxonomy":"product_tag","embeddable":true,"href":"https:\/\/boutiqueeventos.com.br\/site\/wp-json\/wp\/v2\/product_tag?post=5714"}],"curies":[{"name":"wp","href":"https:\/\/api.w.org\/{rel}","templated":true}]}}