{"id":5718,"date":"2021-02-02T17:38:19","date_gmt":"2021-02-02T20:38:19","guid":{"rendered":"https:\/\/boutiqueeventos.com.br\/site\/?post_type=product&#038;p=5718"},"modified":"2021-02-02T17:38:20","modified_gmt":"2021-02-02T20:38:20","slug":"conj-bistro-comunitario-demolicao-08-lugares-ref-761","status":"publish","type":"product","link":"https:\/\/boutiqueeventos.com.br\/site\/produto\/conj-bistro-comunitario-demolicao-08-lugares-ref-761\/","title":{"rendered":"Conj. bistr\u00f4 comunit\u00e1rio demoli\u00e7\u00e3o 08 lugares &#8211; REF 761"},"content":{"rendered":"<p>Conj. bistr\u00f4 comunit\u00e1rio em madeira de demoli\u00e7\u00e3o<\/p>\n<ul>\n<li>01 mesa em \u00a0madeira de demoli\u00e7\u00e3o 2,00 x 0,70 x 1,00 (comp. x larg. x altura)<\/li>\n<li>08 banquetas estilo mineiras<\/li>\n<\/ul>\n<p>REF 761<\/p>\n<p>Material: mesa madeira de demoli\u00e7\u00e3o e banquetas estrutura de ferro e assento em madeira<\/p>\n","protected":false},"excerpt":{"rendered":"<p>Conj. bistr\u00f4 comunit\u00e1rio em madeira de demoli\u00e7\u00e3o 01 mesa em \u00a0madeira de demoli\u00e7\u00e3o 2,00 x 0,70 x 1,00 (comp. x larg. x altura) 08 banquetas estilo mineiras REF 761 Material: mesa madeira de demoli\u00e7\u00e3o e banquetas estrutura de ferro e assento em madeira<\/p>\n","protected":false},"featured_media":5719,"comment_status":"open","ping_status":"closed","template":"","meta":[],"product_cat":[140,126],"product_tag":[],"_links":{"self":[{"href":"https:\/\/boutiqueeventos.com.br\/site\/wp-json\/wp\/v2\/product\/5718"}],"collection":[{"href":"https:\/\/boutiqueeventos.com.br\/site\/wp-json\/wp\/v2\/product"}],"about":[{"href":"https:\/\/boutiqueeventos.com.br\/site\/wp-json\/wp\/v2\/types\/product"}],"replies":[{"embeddable":true,"href":"https:\/\/boutiqueeventos.com.br\/site\/wp-json\/wp\/v2\/comments?post=5718"}],"wp:featuredmedia":[{"embeddable":true,"href":"https:\/\/boutiqueeventos.com.br\/site\/wp-json\/wp\/v2\/media\/5719"}],"wp:attachment":[{"href":"https:\/\/boutiqueeventos.com.br\/site\/wp-json\/wp\/v2\/media?parent=5718"}],"wp:term":[{"taxonomy":"product_cat","embeddable":true,"href":"https:\/\/boutiqueeventos.com.br\/site\/wp-json\/wp\/v2\/product_cat?post=5718"},{"taxonomy":"product_tag","embeddable":true,"href":"https:\/\/boutiqueeventos.com.br\/site\/wp-json\/wp\/v2\/product_tag?post=5718"}],"curies":[{"name":"wp","href":"https:\/\/api.w.org\/{rel}","templated":true}]}}