{"id":5788,"date":"2021-02-08T14:53:54","date_gmt":"2021-02-08T17:53:54","guid":{"rendered":"https:\/\/boutiqueeventos.com.br\/site\/?post_type=product&#038;p=5788"},"modified":"2021-04-16T16:23:41","modified_gmt":"2021-04-16T19:23:41","slug":"mesa-de-centro-em-madeira-de-demolicao-ref-259161","status":"publish","type":"product","link":"https:\/\/boutiqueeventos.com.br\/site\/produto\/mesa-de-centro-em-madeira-de-demolicao-ref-259161\/","title":{"rendered":"Mesa de centro em madeira de demoli\u00e7\u00e3o &#8211; REF 259161"},"content":{"rendered":"<p>Mesa de centro em madeira de demoli\u00e7\u00e3o<\/p>\n<p>REF 259161<\/p>\n<p>Medidas: 80x60x45 (comprimento x largura x altura)<\/p>\n<p>Material: Madeira de demoli\u00e7\u00e3o<\/p>\n","protected":false},"excerpt":{"rendered":"<p>Mesa de centro em madeira de demoli\u00e7\u00e3o REF 259161 Medidas: 80x60x45 (comprimento x largura x altura) Material: Madeira de demoli\u00e7\u00e3o<\/p>\n","protected":false},"featured_media":5789,"comment_status":"open","ping_status":"closed","template":"","meta":[],"product_cat":[141],"product_tag":[],"_links":{"self":[{"href":"https:\/\/boutiqueeventos.com.br\/site\/wp-json\/wp\/v2\/product\/5788"}],"collection":[{"href":"https:\/\/boutiqueeventos.com.br\/site\/wp-json\/wp\/v2\/product"}],"about":[{"href":"https:\/\/boutiqueeventos.com.br\/site\/wp-json\/wp\/v2\/types\/product"}],"replies":[{"embeddable":true,"href":"https:\/\/boutiqueeventos.com.br\/site\/wp-json\/wp\/v2\/comments?post=5788"}],"wp:featuredmedia":[{"embeddable":true,"href":"https:\/\/boutiqueeventos.com.br\/site\/wp-json\/wp\/v2\/media\/5789"}],"wp:attachment":[{"href":"https:\/\/boutiqueeventos.com.br\/site\/wp-json\/wp\/v2\/media?parent=5788"}],"wp:term":[{"taxonomy":"product_cat","embeddable":true,"href":"https:\/\/boutiqueeventos.com.br\/site\/wp-json\/wp\/v2\/product_cat?post=5788"},{"taxonomy":"product_tag","embeddable":true,"href":"https:\/\/boutiqueeventos.com.br\/site\/wp-json\/wp\/v2\/product_tag?post=5788"}],"curies":[{"name":"wp","href":"https:\/\/api.w.org\/{rel}","templated":true}]}}