{"id":5821,"date":"2021-02-09T08:51:44","date_gmt":"2021-02-09T11:51:44","guid":{"rendered":"https:\/\/boutiqueeventos.com.br\/site\/?post_type=product&#038;p=5821"},"modified":"2021-02-09T08:51:44","modified_gmt":"2021-02-09T11:51:44","slug":"trio-de-mesas-redondas-pe-palito-ref-2945","status":"publish","type":"product","link":"https:\/\/boutiqueeventos.com.br\/site\/produto\/trio-de-mesas-redondas-pe-palito-ref-2945\/","title":{"rendered":"Trio de mesas redondas p\u00e9 palito &#8211; REF 2945"},"content":{"rendered":"<p>Trio de mesas redondas p\u00e9 palito &#8211;<\/p>\n<p>REF 2945<\/p>\n<p>Material: Madeira<\/p>\n<p>Medidas:<\/p>\n<ul>\n<li>grande &#8211; 66 x 80 (di\u00e2metro x altura)<\/li>\n<li>|M\u00e9dia &#8211; 56 x 70<\/li>\n<li>Pequena- 46 x 60<\/li>\n<\/ul>\n","protected":false},"excerpt":{"rendered":"<p>Trio de mesas redondas p\u00e9 palito &#8211; REF 2945 Material: Madeira Medidas: grande &#8211; 66 x 80 (di\u00e2metro x altura) |M\u00e9dia &#8211; 56 x 70 Pequena- 46 x 60<\/p>\n","protected":false},"featured_media":5822,"comment_status":"open","ping_status":"closed","template":"","meta":[],"product_cat":[141,126],"product_tag":[],"_links":{"self":[{"href":"https:\/\/boutiqueeventos.com.br\/site\/wp-json\/wp\/v2\/product\/5821"}],"collection":[{"href":"https:\/\/boutiqueeventos.com.br\/site\/wp-json\/wp\/v2\/product"}],"about":[{"href":"https:\/\/boutiqueeventos.com.br\/site\/wp-json\/wp\/v2\/types\/product"}],"replies":[{"embeddable":true,"href":"https:\/\/boutiqueeventos.com.br\/site\/wp-json\/wp\/v2\/comments?post=5821"}],"wp:featuredmedia":[{"embeddable":true,"href":"https:\/\/boutiqueeventos.com.br\/site\/wp-json\/wp\/v2\/media\/5822"}],"wp:attachment":[{"href":"https:\/\/boutiqueeventos.com.br\/site\/wp-json\/wp\/v2\/media?parent=5821"}],"wp:term":[{"taxonomy":"product_cat","embeddable":true,"href":"https:\/\/boutiqueeventos.com.br\/site\/wp-json\/wp\/v2\/product_cat?post=5821"},{"taxonomy":"product_tag","embeddable":true,"href":"https:\/\/boutiqueeventos.com.br\/site\/wp-json\/wp\/v2\/product_tag?post=5821"}],"curies":[{"name":"wp","href":"https:\/\/api.w.org\/{rel}","templated":true}]}}