{"id":6424,"date":"2021-04-12T09:28:43","date_gmt":"2021-04-12T12:28:43","guid":{"rendered":"https:\/\/boutiqueeventos.com.br\/site\/?post_type=product&#038;p=6424"},"modified":"2021-04-12T09:28:43","modified_gmt":"2021-04-12T12:28:43","slug":"vaso-de-aluminio-p-dourado-ref-284083","status":"publish","type":"product","link":"https:\/\/boutiqueeventos.com.br\/site\/produto\/vaso-de-aluminio-p-dourado-ref-284083\/","title":{"rendered":"Vaso de Alum\u00ednio P Dourado &#8211; REF 284083"},"content":{"rendered":"<p>Vaso de Alum\u00ednio P Dourado &#8211;<\/p>\n<p>REF 284083<\/p>\n<p>Medidas: 0,17 x 0,13cm (altura x di\u00e2metro)<\/p>\n<p>Material: Alum\u00ednio<\/p>\n<p>Cor: Dourado (poder\u00e1 ser pintado de outras cores, solicitar or\u00e7amento pintura)<\/p>\n","protected":false},"excerpt":{"rendered":"<p>Vaso de Alum\u00ednio P Dourado &#8211; REF 284083 Medidas: 0,17 x 0,13cm (altura x di\u00e2metro) Material: Alum\u00ednio Cor: Dourado (poder\u00e1 ser pintado de outras cores, solicitar or\u00e7amento pintura)<\/p>\n","protected":false},"featured_media":6425,"comment_status":"open","ping_status":"closed","template":"","meta":[],"product_cat":[157,176],"product_tag":[],"_links":{"self":[{"href":"https:\/\/boutiqueeventos.com.br\/site\/wp-json\/wp\/v2\/product\/6424"}],"collection":[{"href":"https:\/\/boutiqueeventos.com.br\/site\/wp-json\/wp\/v2\/product"}],"about":[{"href":"https:\/\/boutiqueeventos.com.br\/site\/wp-json\/wp\/v2\/types\/product"}],"replies":[{"embeddable":true,"href":"https:\/\/boutiqueeventos.com.br\/site\/wp-json\/wp\/v2\/comments?post=6424"}],"wp:featuredmedia":[{"embeddable":true,"href":"https:\/\/boutiqueeventos.com.br\/site\/wp-json\/wp\/v2\/media\/6425"}],"wp:attachment":[{"href":"https:\/\/boutiqueeventos.com.br\/site\/wp-json\/wp\/v2\/media?parent=6424"}],"wp:term":[{"taxonomy":"product_cat","embeddable":true,"href":"https:\/\/boutiqueeventos.com.br\/site\/wp-json\/wp\/v2\/product_cat?post=6424"},{"taxonomy":"product_tag","embeddable":true,"href":"https:\/\/boutiqueeventos.com.br\/site\/wp-json\/wp\/v2\/product_tag?post=6424"}],"curies":[{"name":"wp","href":"https:\/\/api.w.org\/{rel}","templated":true}]}}