{"id":6431,"date":"2021-04-12T10:25:31","date_gmt":"2021-04-12T13:25:31","guid":{"rendered":"https:\/\/boutiqueeventos.com.br\/site\/?post_type=product&#038;p=6431"},"modified":"2021-04-12T10:25:31","modified_gmt":"2021-04-12T13:25:31","slug":"castical-em-aluminio-rose-gold-p-ref-52731","status":"publish","type":"product","link":"https:\/\/boutiqueeventos.com.br\/site\/produto\/castical-em-aluminio-rose-gold-p-ref-52731\/","title":{"rendered":"Casti\u00e7al em alum\u00ednio Rose Gold P &#8211; REF 52731"},"content":{"rendered":"<p>Casti\u00e7al em alum\u00ednio Rose Gold P &#8211;<\/p>\n<p>REF 52731<\/p>\n<p>Medidas: 0,57 x 0,17 x 0,10 (altura x largura x base para vela)<\/p>\n<p>Material: Alum\u00ednio Pintado<\/p>\n<p>Cor Rose Gold<\/p>\n<p>&nbsp;<\/p>\n","protected":false},"excerpt":{"rendered":"<p>Casti\u00e7al em alum\u00ednio Rose Gold P &#8211; REF 52731 Medidas: 0,57 x 0,17 x 0,10 (altura x largura x base para vela) Material: Alum\u00ednio Pintado Cor Rose Gold &nbsp;<\/p>\n","protected":false},"featured_media":6432,"comment_status":"open","ping_status":"closed","template":"","meta":[],"product_cat":[160],"product_tag":[],"_links":{"self":[{"href":"https:\/\/boutiqueeventos.com.br\/site\/wp-json\/wp\/v2\/product\/6431"}],"collection":[{"href":"https:\/\/boutiqueeventos.com.br\/site\/wp-json\/wp\/v2\/product"}],"about":[{"href":"https:\/\/boutiqueeventos.com.br\/site\/wp-json\/wp\/v2\/types\/product"}],"replies":[{"embeddable":true,"href":"https:\/\/boutiqueeventos.com.br\/site\/wp-json\/wp\/v2\/comments?post=6431"}],"wp:featuredmedia":[{"embeddable":true,"href":"https:\/\/boutiqueeventos.com.br\/site\/wp-json\/wp\/v2\/media\/6432"}],"wp:attachment":[{"href":"https:\/\/boutiqueeventos.com.br\/site\/wp-json\/wp\/v2\/media?parent=6431"}],"wp:term":[{"taxonomy":"product_cat","embeddable":true,"href":"https:\/\/boutiqueeventos.com.br\/site\/wp-json\/wp\/v2\/product_cat?post=6431"},{"taxonomy":"product_tag","embeddable":true,"href":"https:\/\/boutiqueeventos.com.br\/site\/wp-json\/wp\/v2\/product_tag?post=6431"}],"curies":[{"name":"wp","href":"https:\/\/api.w.org\/{rel}","templated":true}]}}