{"id":6435,"date":"2021-04-12T10:54:47","date_gmt":"2021-04-12T13:54:47","guid":{"rendered":"https:\/\/boutiqueeventos.com.br\/site\/?post_type=product&#038;p=6435"},"modified":"2021-04-12T10:54:48","modified_gmt":"2021-04-12T13:54:48","slug":"castical-em-aluminio-rose-gold-g-ref-284099","status":"publish","type":"product","link":"https:\/\/boutiqueeventos.com.br\/site\/produto\/castical-em-aluminio-rose-gold-g-ref-284099\/","title":{"rendered":"Casti\u00e7al em alum\u00ednio Rose Gold G- REF 284099"},"content":{"rendered":"<p>Casti\u00e7al em alum\u00ednio Rose Gold G<\/p>\n<p>REF 284099<\/p>\n<p>Medidas: 79 x 17 x 10cm (altura x largura x base para vela)<\/p>\n<p>Material: Alum\u00ednio pintado<\/p>\n<p>Cor: Rose Gold<\/p>\n","protected":false},"excerpt":{"rendered":"<p>Casti\u00e7al em alum\u00ednio Rose Gold G REF 284099 Medidas: 79 x 17 x 10cm (altura x largura x base para vela) Material: Alum\u00ednio pintado Cor: Rose Gold<\/p>\n","protected":false},"featured_media":6436,"comment_status":"open","ping_status":"closed","template":"","meta":[],"product_cat":[160],"product_tag":[],"_links":{"self":[{"href":"https:\/\/boutiqueeventos.com.br\/site\/wp-json\/wp\/v2\/product\/6435"}],"collection":[{"href":"https:\/\/boutiqueeventos.com.br\/site\/wp-json\/wp\/v2\/product"}],"about":[{"href":"https:\/\/boutiqueeventos.com.br\/site\/wp-json\/wp\/v2\/types\/product"}],"replies":[{"embeddable":true,"href":"https:\/\/boutiqueeventos.com.br\/site\/wp-json\/wp\/v2\/comments?post=6435"}],"wp:featuredmedia":[{"embeddable":true,"href":"https:\/\/boutiqueeventos.com.br\/site\/wp-json\/wp\/v2\/media\/6436"}],"wp:attachment":[{"href":"https:\/\/boutiqueeventos.com.br\/site\/wp-json\/wp\/v2\/media?parent=6435"}],"wp:term":[{"taxonomy":"product_cat","embeddable":true,"href":"https:\/\/boutiqueeventos.com.br\/site\/wp-json\/wp\/v2\/product_cat?post=6435"},{"taxonomy":"product_tag","embeddable":true,"href":"https:\/\/boutiqueeventos.com.br\/site\/wp-json\/wp\/v2\/product_tag?post=6435"}],"curies":[{"name":"wp","href":"https:\/\/api.w.org\/{rel}","templated":true}]}}