{"id":6515,"date":"2021-04-16T10:57:46","date_gmt":"2021-04-16T13:57:46","guid":{"rendered":"https:\/\/boutiqueeventos.com.br\/site\/?post_type=product&#038;p=6515"},"modified":"2021-04-16T10:58:07","modified_gmt":"2021-04-16T13:58:07","slug":"vaso-ceramica-rosa-g-ref-286458","status":"publish","type":"product","link":"https:\/\/boutiqueeventos.com.br\/site\/produto\/vaso-ceramica-rosa-g-ref-286458\/","title":{"rendered":"Vaso cer\u00e2mica Rosa G &#8211; REF 286458"},"content":{"rendered":"<p>Vaso cer\u00e2mica Rosa G &#8211;<\/p>\n<p>REF 286458<\/p>\n<p>Medidas: 32 x 17cm (altura x di\u00e2metro)<\/p>\n<p>Material: Cer\u00e2mica<\/p>\n<p>Cor: Rosa<\/p>\n","protected":false},"excerpt":{"rendered":"<p>Vaso cer\u00e2mica Rosa G &#8211; REF 286458 Medidas: 32 x 17cm (altura x di\u00e2metro) Material: Cer\u00e2mica Cor: Rosa<\/p>\n","protected":false},"featured_media":6516,"comment_status":"open","ping_status":"closed","template":"","meta":[],"product_cat":[158,156],"product_tag":[],"_links":{"self":[{"href":"https:\/\/boutiqueeventos.com.br\/site\/wp-json\/wp\/v2\/product\/6515"}],"collection":[{"href":"https:\/\/boutiqueeventos.com.br\/site\/wp-json\/wp\/v2\/product"}],"about":[{"href":"https:\/\/boutiqueeventos.com.br\/site\/wp-json\/wp\/v2\/types\/product"}],"replies":[{"embeddable":true,"href":"https:\/\/boutiqueeventos.com.br\/site\/wp-json\/wp\/v2\/comments?post=6515"}],"wp:featuredmedia":[{"embeddable":true,"href":"https:\/\/boutiqueeventos.com.br\/site\/wp-json\/wp\/v2\/media\/6516"}],"wp:attachment":[{"href":"https:\/\/boutiqueeventos.com.br\/site\/wp-json\/wp\/v2\/media?parent=6515"}],"wp:term":[{"taxonomy":"product_cat","embeddable":true,"href":"https:\/\/boutiqueeventos.com.br\/site\/wp-json\/wp\/v2\/product_cat?post=6515"},{"taxonomy":"product_tag","embeddable":true,"href":"https:\/\/boutiqueeventos.com.br\/site\/wp-json\/wp\/v2\/product_tag?post=6515"}],"curies":[{"name":"wp","href":"https:\/\/api.w.org\/{rel}","templated":true}]}}