{"id":6528,"date":"2021-04-16T15:08:49","date_gmt":"2021-04-16T18:08:49","guid":{"rendered":"https:\/\/boutiqueeventos.com.br\/site\/?post_type=product&#038;p=6528"},"modified":"2021-04-16T15:08:49","modified_gmt":"2021-04-16T18:08:49","slug":"vaso-ceramica-goiaba-g-ref-286575","status":"publish","type":"product","link":"https:\/\/boutiqueeventos.com.br\/site\/produto\/vaso-ceramica-goiaba-g-ref-286575\/","title":{"rendered":"Vaso cer\u00e2mica goiaba G &#8211; REF 286575"},"content":{"rendered":"<p>Vaso cer\u00e2mica goiaba G<\/p>\n<p>REF 286575<\/p>\n<p>Medidas: 32x17cm (altura x di\u00e2metro)<\/p>\n<p>Material: Cer\u00e2mica<\/p>\n<p>Cor: Goiaba<\/p>\n","protected":false},"excerpt":{"rendered":"<p>Vaso cer\u00e2mica goiaba G REF 286575 Medidas: 32x17cm (altura x di\u00e2metro) Material: Cer\u00e2mica Cor: Goiaba<\/p>\n","protected":false},"featured_media":6531,"comment_status":"open","ping_status":"closed","template":"","meta":[],"product_cat":[158,156],"product_tag":[],"_links":{"self":[{"href":"https:\/\/boutiqueeventos.com.br\/site\/wp-json\/wp\/v2\/product\/6528"}],"collection":[{"href":"https:\/\/boutiqueeventos.com.br\/site\/wp-json\/wp\/v2\/product"}],"about":[{"href":"https:\/\/boutiqueeventos.com.br\/site\/wp-json\/wp\/v2\/types\/product"}],"replies":[{"embeddable":true,"href":"https:\/\/boutiqueeventos.com.br\/site\/wp-json\/wp\/v2\/comments?post=6528"}],"wp:featuredmedia":[{"embeddable":true,"href":"https:\/\/boutiqueeventos.com.br\/site\/wp-json\/wp\/v2\/media\/6531"}],"wp:attachment":[{"href":"https:\/\/boutiqueeventos.com.br\/site\/wp-json\/wp\/v2\/media?parent=6528"}],"wp:term":[{"taxonomy":"product_cat","embeddable":true,"href":"https:\/\/boutiqueeventos.com.br\/site\/wp-json\/wp\/v2\/product_cat?post=6528"},{"taxonomy":"product_tag","embeddable":true,"href":"https:\/\/boutiqueeventos.com.br\/site\/wp-json\/wp\/v2\/product_tag?post=6528"}],"curies":[{"name":"wp","href":"https:\/\/api.w.org\/{rel}","templated":true}]}}