{"id":6533,"date":"2021-04-16T15:16:23","date_gmt":"2021-04-16T18:16:23","guid":{"rendered":"https:\/\/boutiqueeventos.com.br\/site\/?post_type=product&#038;p=6533"},"modified":"2021-04-16T15:16:23","modified_gmt":"2021-04-16T18:16:23","slug":"vaso-ceramica-goiaba-m-ref-286595","status":"publish","type":"product","link":"https:\/\/boutiqueeventos.com.br\/site\/produto\/vaso-ceramica-goiaba-m-ref-286595\/","title":{"rendered":"Vaso cer\u00e2mica goiaba M &#8211; REF 286595"},"content":{"rendered":"<p>Vaso cer\u00e2mica goiaba M<\/p>\n<p>REF 286595<\/p>\n<p>Medidas: 25x14cm (altura x di\u00e2metro)<\/p>\n<p>Material: Cer\u00e2mica<\/p>\n<p>Cor: Goiaba<\/p>\n","protected":false},"excerpt":{"rendered":"<p>Vaso cer\u00e2mica goiaba M REF 286595 Medidas: 25x14cm (altura x di\u00e2metro) Material: Cer\u00e2mica Cor: Goiaba<\/p>\n","protected":false},"featured_media":6534,"comment_status":"open","ping_status":"closed","template":"","meta":[],"product_cat":[158,156],"product_tag":[],"_links":{"self":[{"href":"https:\/\/boutiqueeventos.com.br\/site\/wp-json\/wp\/v2\/product\/6533"}],"collection":[{"href":"https:\/\/boutiqueeventos.com.br\/site\/wp-json\/wp\/v2\/product"}],"about":[{"href":"https:\/\/boutiqueeventos.com.br\/site\/wp-json\/wp\/v2\/types\/product"}],"replies":[{"embeddable":true,"href":"https:\/\/boutiqueeventos.com.br\/site\/wp-json\/wp\/v2\/comments?post=6533"}],"wp:featuredmedia":[{"embeddable":true,"href":"https:\/\/boutiqueeventos.com.br\/site\/wp-json\/wp\/v2\/media\/6534"}],"wp:attachment":[{"href":"https:\/\/boutiqueeventos.com.br\/site\/wp-json\/wp\/v2\/media?parent=6533"}],"wp:term":[{"taxonomy":"product_cat","embeddable":true,"href":"https:\/\/boutiqueeventos.com.br\/site\/wp-json\/wp\/v2\/product_cat?post=6533"},{"taxonomy":"product_tag","embeddable":true,"href":"https:\/\/boutiqueeventos.com.br\/site\/wp-json\/wp\/v2\/product_tag?post=6533"}],"curies":[{"name":"wp","href":"https:\/\/api.w.org\/{rel}","templated":true}]}}