{"id":6535,"date":"2021-04-16T15:21:43","date_gmt":"2021-04-16T18:21:43","guid":{"rendered":"https:\/\/boutiqueeventos.com.br\/site\/?post_type=product&#038;p=6535"},"modified":"2021-04-16T15:21:43","modified_gmt":"2021-04-16T18:21:43","slug":"vaso-ceramica-goiaba-p-ref-286603","status":"publish","type":"product","link":"https:\/\/boutiqueeventos.com.br\/site\/produto\/vaso-ceramica-goiaba-p-ref-286603\/","title":{"rendered":"Vaso cer\u00e2mica goiaba P &#8211; REF 286603"},"content":{"rendered":"<p>Vaso cer\u00e2mica goiaba P<\/p>\n<p>REF 286603<\/p>\n<p>Medidas: 18x13cm (altura x di\u00e2metro)<\/p>\n<p>Material: Cer\u00e2mica<\/p>\n<p>Cor: Goiaba<\/p>\n","protected":false},"excerpt":{"rendered":"<p>Vaso cer\u00e2mica goiaba P REF 286603 Medidas: 18x13cm (altura x di\u00e2metro) Material: Cer\u00e2mica Cor: Goiaba<\/p>\n","protected":false},"featured_media":6536,"comment_status":"open","ping_status":"closed","template":"","meta":[],"product_cat":[158,156],"product_tag":[],"_links":{"self":[{"href":"https:\/\/boutiqueeventos.com.br\/site\/wp-json\/wp\/v2\/product\/6535"}],"collection":[{"href":"https:\/\/boutiqueeventos.com.br\/site\/wp-json\/wp\/v2\/product"}],"about":[{"href":"https:\/\/boutiqueeventos.com.br\/site\/wp-json\/wp\/v2\/types\/product"}],"replies":[{"embeddable":true,"href":"https:\/\/boutiqueeventos.com.br\/site\/wp-json\/wp\/v2\/comments?post=6535"}],"wp:featuredmedia":[{"embeddable":true,"href":"https:\/\/boutiqueeventos.com.br\/site\/wp-json\/wp\/v2\/media\/6536"}],"wp:attachment":[{"href":"https:\/\/boutiqueeventos.com.br\/site\/wp-json\/wp\/v2\/media?parent=6535"}],"wp:term":[{"taxonomy":"product_cat","embeddable":true,"href":"https:\/\/boutiqueeventos.com.br\/site\/wp-json\/wp\/v2\/product_cat?post=6535"},{"taxonomy":"product_tag","embeddable":true,"href":"https:\/\/boutiqueeventos.com.br\/site\/wp-json\/wp\/v2\/product_tag?post=6535"}],"curies":[{"name":"wp","href":"https:\/\/api.w.org\/{rel}","templated":true}]}}