{"id":6541,"date":"2021-04-16T15:39:51","date_gmt":"2021-04-16T18:39:51","guid":{"rendered":"https:\/\/boutiqueeventos.com.br\/site\/?post_type=product&#038;p=6541"},"modified":"2021-04-19T09:31:36","modified_gmt":"2021-04-19T12:31:36","slug":"potiche-de-ceramica-liz-m-ref-286617","status":"publish","type":"product","link":"https:\/\/boutiqueeventos.com.br\/site\/produto\/potiche-de-ceramica-liz-m-ref-286617\/","title":{"rendered":"Potiche de cer\u00e2mica Liz goiaba M &#8211; REF 286617"},"content":{"rendered":"<p>Potiche de cer\u00e2mica Liz M &#8211;<\/p>\n<p>REF 286617<\/p>\n<p>Medidas: 28x12cm (altura x di\u00e2metro)<\/p>\n<p>Material: Cer\u00e2mica<\/p>\n<p>Cor: Goiaba<\/p>\n","protected":false},"excerpt":{"rendered":"<p>Potiche de cer\u00e2mica Liz M &#8211; REF 286617 Medidas: 28x12cm (altura x di\u00e2metro) Material: Cer\u00e2mica Cor: Goiaba<\/p>\n","protected":false},"featured_media":6542,"comment_status":"open","ping_status":"closed","template":"","meta":[],"product_cat":[158,156],"product_tag":[],"_links":{"self":[{"href":"https:\/\/boutiqueeventos.com.br\/site\/wp-json\/wp\/v2\/product\/6541"}],"collection":[{"href":"https:\/\/boutiqueeventos.com.br\/site\/wp-json\/wp\/v2\/product"}],"about":[{"href":"https:\/\/boutiqueeventos.com.br\/site\/wp-json\/wp\/v2\/types\/product"}],"replies":[{"embeddable":true,"href":"https:\/\/boutiqueeventos.com.br\/site\/wp-json\/wp\/v2\/comments?post=6541"}],"wp:featuredmedia":[{"embeddable":true,"href":"https:\/\/boutiqueeventos.com.br\/site\/wp-json\/wp\/v2\/media\/6542"}],"wp:attachment":[{"href":"https:\/\/boutiqueeventos.com.br\/site\/wp-json\/wp\/v2\/media?parent=6541"}],"wp:term":[{"taxonomy":"product_cat","embeddable":true,"href":"https:\/\/boutiqueeventos.com.br\/site\/wp-json\/wp\/v2\/product_cat?post=6541"},{"taxonomy":"product_tag","embeddable":true,"href":"https:\/\/boutiqueeventos.com.br\/site\/wp-json\/wp\/v2\/product_tag?post=6541"}],"curies":[{"name":"wp","href":"https:\/\/api.w.org\/{rel}","templated":true}]}}