{"id":6584,"date":"2021-04-19T10:43:29","date_gmt":"2021-04-19T13:43:29","guid":{"rendered":"https:\/\/boutiqueeventos.com.br\/site\/?post_type=product&#038;p=6584"},"modified":"2021-04-19T10:43:29","modified_gmt":"2021-04-19T13:43:29","slug":"vaso-ceramica-azul-craquelado-redondo-baixo-alca-ref-286964","status":"publish","type":"product","link":"https:\/\/boutiqueeventos.com.br\/site\/produto\/vaso-ceramica-azul-craquelado-redondo-baixo-alca-ref-286964\/","title":{"rendered":"Vaso cer\u00e2mica azul craquelado redondo baixo al\u00e7a &#8211; REF 286964"},"content":{"rendered":"<p>Vaso cer\u00e2mica azul craquelado redondo baixo al\u00e7a &#8211;<\/p>\n<p>REF 286964<\/p>\n<p>Medidas: 14 x 23cm (altura x di\u00e2metro)<\/p>\n<p>Material: Cer\u00e2mica<\/p>\n<p>Cor: Azul<\/p>\n<p>&nbsp;<\/p>\n","protected":false},"excerpt":{"rendered":"<p>Vaso cer\u00e2mica azul craquelado redondo baixo al\u00e7a &#8211; REF 286964 Medidas: 14 x 23cm (altura x di\u00e2metro) Material: Cer\u00e2mica Cor: Azul &nbsp;<\/p>\n","protected":false},"featured_media":6585,"comment_status":"open","ping_status":"closed","template":"","meta":[],"product_cat":[158,156,176],"product_tag":[],"_links":{"self":[{"href":"https:\/\/boutiqueeventos.com.br\/site\/wp-json\/wp\/v2\/product\/6584"}],"collection":[{"href":"https:\/\/boutiqueeventos.com.br\/site\/wp-json\/wp\/v2\/product"}],"about":[{"href":"https:\/\/boutiqueeventos.com.br\/site\/wp-json\/wp\/v2\/types\/product"}],"replies":[{"embeddable":true,"href":"https:\/\/boutiqueeventos.com.br\/site\/wp-json\/wp\/v2\/comments?post=6584"}],"wp:featuredmedia":[{"embeddable":true,"href":"https:\/\/boutiqueeventos.com.br\/site\/wp-json\/wp\/v2\/media\/6585"}],"wp:attachment":[{"href":"https:\/\/boutiqueeventos.com.br\/site\/wp-json\/wp\/v2\/media?parent=6584"}],"wp:term":[{"taxonomy":"product_cat","embeddable":true,"href":"https:\/\/boutiqueeventos.com.br\/site\/wp-json\/wp\/v2\/product_cat?post=6584"},{"taxonomy":"product_tag","embeddable":true,"href":"https:\/\/boutiqueeventos.com.br\/site\/wp-json\/wp\/v2\/product_tag?post=6584"}],"curies":[{"name":"wp","href":"https:\/\/api.w.org\/{rel}","templated":true}]}}