{"id":6592,"date":"2021-04-19T10:57:20","date_gmt":"2021-04-19T13:57:20","guid":{"rendered":"https:\/\/boutiqueeventos.com.br\/site\/?post_type=product&#038;p=6592"},"modified":"2021-04-19T10:57:20","modified_gmt":"2021-04-19T13:57:20","slug":"vaso-ceramica-azul-craquelado-redondo-p-ref-286969","status":"publish","type":"product","link":"https:\/\/boutiqueeventos.com.br\/site\/produto\/vaso-ceramica-azul-craquelado-redondo-p-ref-286969\/","title":{"rendered":"Vaso cer\u00e2mica azul craquelado redondo P &#8211; REF 286969"},"content":{"rendered":"<p>Vaso cer\u00e2mica azul craquelado redondo P &#8211;<\/p>\n<p>REF 286969<\/p>\n<p>Medidas: 17 x 18cm (altura x di\u00e2metro)<\/p>\n<p>Material: Cer\u00e2mica<\/p>\n<p>Cor: Azul<\/p>\n","protected":false},"excerpt":{"rendered":"<p>Vaso cer\u00e2mica azul craquelado redondo P &#8211; REF 286969 Medidas: 17 x 18cm (altura x di\u00e2metro) Material: Cer\u00e2mica Cor: Azul<\/p>\n","protected":false},"featured_media":6593,"comment_status":"open","ping_status":"closed","template":"","meta":[],"product_cat":[158,156,176],"product_tag":[],"_links":{"self":[{"href":"https:\/\/boutiqueeventos.com.br\/site\/wp-json\/wp\/v2\/product\/6592"}],"collection":[{"href":"https:\/\/boutiqueeventos.com.br\/site\/wp-json\/wp\/v2\/product"}],"about":[{"href":"https:\/\/boutiqueeventos.com.br\/site\/wp-json\/wp\/v2\/types\/product"}],"replies":[{"embeddable":true,"href":"https:\/\/boutiqueeventos.com.br\/site\/wp-json\/wp\/v2\/comments?post=6592"}],"wp:featuredmedia":[{"embeddable":true,"href":"https:\/\/boutiqueeventos.com.br\/site\/wp-json\/wp\/v2\/media\/6593"}],"wp:attachment":[{"href":"https:\/\/boutiqueeventos.com.br\/site\/wp-json\/wp\/v2\/media?parent=6592"}],"wp:term":[{"taxonomy":"product_cat","embeddable":true,"href":"https:\/\/boutiqueeventos.com.br\/site\/wp-json\/wp\/v2\/product_cat?post=6592"},{"taxonomy":"product_tag","embeddable":true,"href":"https:\/\/boutiqueeventos.com.br\/site\/wp-json\/wp\/v2\/product_tag?post=6592"}],"curies":[{"name":"wp","href":"https:\/\/api.w.org\/{rel}","templated":true}]}}