{"id":7465,"date":"2022-02-22T15:19:10","date_gmt":"2022-02-22T18:19:10","guid":{"rendered":"https:\/\/boutiqueeventos.com.br\/site\/?post_type=product&#038;p=7465"},"modified":"2022-02-22T15:58:52","modified_gmt":"2022-02-22T18:58:52","slug":"bandeja-retangular-lisa-rose-gold-com-alca-ref-397488","status":"publish","type":"product","link":"https:\/\/boutiqueeventos.com.br\/site\/produto\/bandeja-retangular-lisa-rose-gold-com-alca-ref-397488\/","title":{"rendered":"Porta doce ros\u00e9 gold bandeja retangular lisa com al\u00e7a &#8211; REF 397488"},"content":{"rendered":"<p>Bandeja retangular lisa rose gold com al\u00e7a<\/p>\n<p>REF 397488<\/p>\n<p>Material: Metal e espelho<\/p>\n<p>Cor: Ros\u00e9 gold<\/p>\n<p>Medidas: 33,5x21cm (Comprimento x Largura)<\/p>\n","protected":false},"excerpt":{"rendered":"<p>Bandeja retangular lisa rose gold com al\u00e7a REF 397488 Material: Metal e espelho Cor: Ros\u00e9 gold Medidas: 33,5x21cm (Comprimento x Largura)<\/p>\n","protected":false},"featured_media":7466,"comment_status":"open","ping_status":"closed","template":"","meta":[],"product_cat":[181],"product_tag":[],"_links":{"self":[{"href":"https:\/\/boutiqueeventos.com.br\/site\/wp-json\/wp\/v2\/product\/7465"}],"collection":[{"href":"https:\/\/boutiqueeventos.com.br\/site\/wp-json\/wp\/v2\/product"}],"about":[{"href":"https:\/\/boutiqueeventos.com.br\/site\/wp-json\/wp\/v2\/types\/product"}],"replies":[{"embeddable":true,"href":"https:\/\/boutiqueeventos.com.br\/site\/wp-json\/wp\/v2\/comments?post=7465"}],"wp:featuredmedia":[{"embeddable":true,"href":"https:\/\/boutiqueeventos.com.br\/site\/wp-json\/wp\/v2\/media\/7466"}],"wp:attachment":[{"href":"https:\/\/boutiqueeventos.com.br\/site\/wp-json\/wp\/v2\/media?parent=7465"}],"wp:term":[{"taxonomy":"product_cat","embeddable":true,"href":"https:\/\/boutiqueeventos.com.br\/site\/wp-json\/wp\/v2\/product_cat?post=7465"},{"taxonomy":"product_tag","embeddable":true,"href":"https:\/\/boutiqueeventos.com.br\/site\/wp-json\/wp\/v2\/product_tag?post=7465"}],"curies":[{"name":"wp","href":"https:\/\/api.w.org\/{rel}","templated":true}]}}