{"id":7556,"date":"2022-03-21T15:42:45","date_gmt":"2022-03-21T18:42:45","guid":{"rendered":"https:\/\/boutiqueeventos.com.br\/site\/?post_type=product&#038;p=7556"},"modified":"2022-03-21T15:42:45","modified_gmt":"2022-03-21T18:42:45","slug":"luminaria-tailandesa-cilindrica-ref-417627","status":"publish","type":"product","link":"https:\/\/boutiqueeventos.com.br\/site\/produto\/luminaria-tailandesa-cilindrica-ref-417627\/","title":{"rendered":"Lumin\u00e1ria Tailandesa Cil\u00edndrica\u00a0&#8211; REF 417627"},"content":{"rendered":"<p>Lumin\u00e1ria Tailandesa Cil\u00edndrica<\/p>\n<p>REF 417627<\/p>\n<p>Medidas: 52cm x 27cm (Altura x Largura);<\/p>\n<p>Material: Fibra Natural;<\/p>\n<p>Cor: Natural;<\/p>\n<p>Obs: Lumin\u00e1ria com fia\u00e7\u00e3o el\u00e9trica para l\u00e2mpadas<\/p>\n","protected":false},"excerpt":{"rendered":"<p>Lumin\u00e1ria Tailandesa Cil\u00edndrica REF 417627 Medidas: 52cm x 27cm (Altura x Largura); Material: Fibra Natural; Cor: Natural; Obs: Lumin\u00e1ria com fia\u00e7\u00e3o el\u00e9trica para l\u00e2mpadas<\/p>\n","protected":false},"featured_media":7557,"comment_status":"open","ping_status":"closed","template":"","meta":[],"product_cat":[137],"product_tag":[],"_links":{"self":[{"href":"https:\/\/boutiqueeventos.com.br\/site\/wp-json\/wp\/v2\/product\/7556"}],"collection":[{"href":"https:\/\/boutiqueeventos.com.br\/site\/wp-json\/wp\/v2\/product"}],"about":[{"href":"https:\/\/boutiqueeventos.com.br\/site\/wp-json\/wp\/v2\/types\/product"}],"replies":[{"embeddable":true,"href":"https:\/\/boutiqueeventos.com.br\/site\/wp-json\/wp\/v2\/comments?post=7556"}],"wp:featuredmedia":[{"embeddable":true,"href":"https:\/\/boutiqueeventos.com.br\/site\/wp-json\/wp\/v2\/media\/7557"}],"wp:attachment":[{"href":"https:\/\/boutiqueeventos.com.br\/site\/wp-json\/wp\/v2\/media?parent=7556"}],"wp:term":[{"taxonomy":"product_cat","embeddable":true,"href":"https:\/\/boutiqueeventos.com.br\/site\/wp-json\/wp\/v2\/product_cat?post=7556"},{"taxonomy":"product_tag","embeddable":true,"href":"https:\/\/boutiqueeventos.com.br\/site\/wp-json\/wp\/v2\/product_tag?post=7556"}],"curies":[{"name":"wp","href":"https:\/\/api.w.org\/{rel}","templated":true}]}}