{"id":7558,"date":"2022-03-21T15:45:47","date_gmt":"2022-03-21T18:45:47","guid":{"rendered":"https:\/\/boutiqueeventos.com.br\/site\/?post_type=product&#038;p=7558"},"modified":"2022-03-21T15:45:47","modified_gmt":"2022-03-21T18:45:47","slug":"luminaria-tailandesa-redonda-ref-417632","status":"publish","type":"product","link":"https:\/\/boutiqueeventos.com.br\/site\/produto\/luminaria-tailandesa-redonda-ref-417632\/","title":{"rendered":"Lumin\u00e1ria Tailandesa Redonda &#8211; REF 417632"},"content":{"rendered":"<p>Lumin\u00e1ria Tailandesa Redonda<\/p>\n<p>REF 417632<\/p>\n<p>Medidas: 32cm x 43cm (Altura x Largura);<\/p>\n<p>Material: Fibra Natural;<\/p>\n<p>Cor: Natural;<\/p>\n<p>Obs: Lumin\u00e1ria com fia\u00e7\u00e3o el\u00e9trica para l\u00e2mpadas<\/p>\n","protected":false},"excerpt":{"rendered":"<p>Lumin\u00e1ria Tailandesa Redonda REF 417632 Medidas: 32cm x 43cm (Altura x Largura); Material: Fibra Natural; Cor: Natural; Obs: Lumin\u00e1ria com fia\u00e7\u00e3o el\u00e9trica para l\u00e2mpadas<\/p>\n","protected":false},"featured_media":7559,"comment_status":"open","ping_status":"closed","template":"","meta":[],"product_cat":[137],"product_tag":[],"_links":{"self":[{"href":"https:\/\/boutiqueeventos.com.br\/site\/wp-json\/wp\/v2\/product\/7558"}],"collection":[{"href":"https:\/\/boutiqueeventos.com.br\/site\/wp-json\/wp\/v2\/product"}],"about":[{"href":"https:\/\/boutiqueeventos.com.br\/site\/wp-json\/wp\/v2\/types\/product"}],"replies":[{"embeddable":true,"href":"https:\/\/boutiqueeventos.com.br\/site\/wp-json\/wp\/v2\/comments?post=7558"}],"wp:featuredmedia":[{"embeddable":true,"href":"https:\/\/boutiqueeventos.com.br\/site\/wp-json\/wp\/v2\/media\/7559"}],"wp:attachment":[{"href":"https:\/\/boutiqueeventos.com.br\/site\/wp-json\/wp\/v2\/media?parent=7558"}],"wp:term":[{"taxonomy":"product_cat","embeddable":true,"href":"https:\/\/boutiqueeventos.com.br\/site\/wp-json\/wp\/v2\/product_cat?post=7558"},{"taxonomy":"product_tag","embeddable":true,"href":"https:\/\/boutiqueeventos.com.br\/site\/wp-json\/wp\/v2\/product_tag?post=7558"}],"curies":[{"name":"wp","href":"https:\/\/api.w.org\/{rel}","templated":true}]}}