{"id":7721,"date":"2022-06-20T14:36:27","date_gmt":"2022-06-20T17:36:27","guid":{"rendered":"https:\/\/boutiqueeventos.com.br\/site\/?post_type=product&#038;p=7721"},"modified":"2022-06-20T14:36:27","modified_gmt":"2022-06-20T17:36:27","slug":"lanterna-rustica-rattan-g-ref-463570","status":"publish","type":"product","link":"https:\/\/boutiqueeventos.com.br\/site\/produto\/lanterna-rustica-rattan-g-ref-463570\/","title":{"rendered":"Lanterna R\u00fastica Rattan G &#8211; REF 463570"},"content":{"rendered":"<p>Lanterna R\u00fastica Rattan G para velas<\/p>\n<p>REF 463570<\/p>\n<p>Medidas: 63cm x 30cm (altura x di\u00e2metro)<\/p>\n<p>Material: Rattan<\/p>\n<p>Cor: Natural<\/p>\n<p>OBS: N\u00e3o acompanha velas<\/p>\n","protected":false},"excerpt":{"rendered":"<p>Lanterna R\u00fastica Rattan G para velas REF 463570 Medidas: 63cm x 30cm (altura x di\u00e2metro) Material: Rattan Cor: Natural OBS: N\u00e3o acompanha velas<\/p>\n","protected":false},"featured_media":7722,"comment_status":"open","ping_status":"closed","template":"","meta":[],"product_cat":[164],"product_tag":[],"_links":{"self":[{"href":"https:\/\/boutiqueeventos.com.br\/site\/wp-json\/wp\/v2\/product\/7721"}],"collection":[{"href":"https:\/\/boutiqueeventos.com.br\/site\/wp-json\/wp\/v2\/product"}],"about":[{"href":"https:\/\/boutiqueeventos.com.br\/site\/wp-json\/wp\/v2\/types\/product"}],"replies":[{"embeddable":true,"href":"https:\/\/boutiqueeventos.com.br\/site\/wp-json\/wp\/v2\/comments?post=7721"}],"wp:featuredmedia":[{"embeddable":true,"href":"https:\/\/boutiqueeventos.com.br\/site\/wp-json\/wp\/v2\/media\/7722"}],"wp:attachment":[{"href":"https:\/\/boutiqueeventos.com.br\/site\/wp-json\/wp\/v2\/media?parent=7721"}],"wp:term":[{"taxonomy":"product_cat","embeddable":true,"href":"https:\/\/boutiqueeventos.com.br\/site\/wp-json\/wp\/v2\/product_cat?post=7721"},{"taxonomy":"product_tag","embeddable":true,"href":"https:\/\/boutiqueeventos.com.br\/site\/wp-json\/wp\/v2\/product_tag?post=7721"}],"curies":[{"name":"wp","href":"https:\/\/api.w.org\/{rel}","templated":true}]}}