{"id":7724,"date":"2022-06-20T14:49:35","date_gmt":"2022-06-20T17:49:35","guid":{"rendered":"https:\/\/boutiqueeventos.com.br\/site\/?post_type=product&#038;p=7724"},"modified":"2022-06-20T15:22:29","modified_gmt":"2022-06-20T18:22:29","slug":"lanterna-rustica-taboa-c-alca-p-463565","status":"publish","type":"product","link":"https:\/\/boutiqueeventos.com.br\/site\/produto\/lanterna-rustica-taboa-c-alca-p-463565\/","title":{"rendered":"Lanterna R\u00fastica Taboa c\/ Al\u00e7a P &#8211; 463565"},"content":{"rendered":"<p>Lanterna R\u00fastica taboa c\/ Al\u00e7a P<\/p>\n<p>REF: 463565<\/p>\n<p>Medidas: 22cm x 20cm (altura x di\u00e2metro)<\/p>\n<p>Material: Taboa<\/p>\n<p>Cor : Natural<\/p>\n<p>OBS: N\u00e3o acompanha velas<\/p>\n","protected":false},"excerpt":{"rendered":"<p>Lanterna R\u00fastica taboa c\/ Al\u00e7a P REF: 463565 Medidas: 22cm x 20cm (altura x di\u00e2metro) Material: Taboa Cor : Natural OBS: N\u00e3o acompanha velas<\/p>\n","protected":false},"featured_media":7725,"comment_status":"open","ping_status":"closed","template":"","meta":[],"product_cat":[164],"product_tag":[],"_links":{"self":[{"href":"https:\/\/boutiqueeventos.com.br\/site\/wp-json\/wp\/v2\/product\/7724"}],"collection":[{"href":"https:\/\/boutiqueeventos.com.br\/site\/wp-json\/wp\/v2\/product"}],"about":[{"href":"https:\/\/boutiqueeventos.com.br\/site\/wp-json\/wp\/v2\/types\/product"}],"replies":[{"embeddable":true,"href":"https:\/\/boutiqueeventos.com.br\/site\/wp-json\/wp\/v2\/comments?post=7724"}],"wp:featuredmedia":[{"embeddable":true,"href":"https:\/\/boutiqueeventos.com.br\/site\/wp-json\/wp\/v2\/media\/7725"}],"wp:attachment":[{"href":"https:\/\/boutiqueeventos.com.br\/site\/wp-json\/wp\/v2\/media?parent=7724"}],"wp:term":[{"taxonomy":"product_cat","embeddable":true,"href":"https:\/\/boutiqueeventos.com.br\/site\/wp-json\/wp\/v2\/product_cat?post=7724"},{"taxonomy":"product_tag","embeddable":true,"href":"https:\/\/boutiqueeventos.com.br\/site\/wp-json\/wp\/v2\/product_tag?post=7724"}],"curies":[{"name":"wp","href":"https:\/\/api.w.org\/{rel}","templated":true}]}}