{"id":7726,"date":"2022-06-20T15:05:58","date_gmt":"2022-06-20T18:05:58","guid":{"rendered":"https:\/\/boutiqueeventos.com.br\/site\/?post_type=product&#038;p=7726"},"modified":"2022-06-20T15:20:54","modified_gmt":"2022-06-20T18:20:54","slug":"lanterna-rustica-c-alca-m-ref-463564","status":"publish","type":"product","link":"https:\/\/boutiqueeventos.com.br\/site\/produto\/lanterna-rustica-c-alca-m-ref-463564\/","title":{"rendered":"Lanterna R\u00fastica Taboa c\/ Al\u00e7a M &#8211; REF 463564"},"content":{"rendered":"<p>Lanterna R\u00fastica c\/ Al\u00e7a M &#8211;<\/p>\n<p>REF 463564<\/p>\n<p>Medidas: 27cm x 26cm (altura x di\u00e2metro)<\/p>\n<p>Material: Taboa<\/p>\n<p>Cor: Natural<\/p>\n<p>OBS: N\u00e3o acompanha velas<\/p>\n<p>&nbsp;<\/p>\n","protected":false},"excerpt":{"rendered":"<p>Lanterna R\u00fastica c\/ Al\u00e7a M &#8211; REF 463564 Medidas: 27cm x 26cm (altura x di\u00e2metro) Material: Taboa Cor: Natural OBS: N\u00e3o acompanha velas &nbsp;<\/p>\n","protected":false},"featured_media":7727,"comment_status":"open","ping_status":"closed","template":"","meta":[],"product_cat":[164],"product_tag":[],"_links":{"self":[{"href":"https:\/\/boutiqueeventos.com.br\/site\/wp-json\/wp\/v2\/product\/7726"}],"collection":[{"href":"https:\/\/boutiqueeventos.com.br\/site\/wp-json\/wp\/v2\/product"}],"about":[{"href":"https:\/\/boutiqueeventos.com.br\/site\/wp-json\/wp\/v2\/types\/product"}],"replies":[{"embeddable":true,"href":"https:\/\/boutiqueeventos.com.br\/site\/wp-json\/wp\/v2\/comments?post=7726"}],"wp:featuredmedia":[{"embeddable":true,"href":"https:\/\/boutiqueeventos.com.br\/site\/wp-json\/wp\/v2\/media\/7727"}],"wp:attachment":[{"href":"https:\/\/boutiqueeventos.com.br\/site\/wp-json\/wp\/v2\/media?parent=7726"}],"wp:term":[{"taxonomy":"product_cat","embeddable":true,"href":"https:\/\/boutiqueeventos.com.br\/site\/wp-json\/wp\/v2\/product_cat?post=7726"},{"taxonomy":"product_tag","embeddable":true,"href":"https:\/\/boutiqueeventos.com.br\/site\/wp-json\/wp\/v2\/product_tag?post=7726"}],"curies":[{"name":"wp","href":"https:\/\/api.w.org\/{rel}","templated":true}]}}