{"id":7728,"date":"2022-06-20T15:14:34","date_gmt":"2022-06-20T18:14:34","guid":{"rendered":"https:\/\/boutiqueeventos.com.br\/site\/?post_type=product&#038;p=7728"},"modified":"2022-06-20T15:19:08","modified_gmt":"2022-06-20T18:19:08","slug":"lanterna-rustica-c-alca-g-ref-463562","status":"publish","type":"product","link":"https:\/\/boutiqueeventos.com.br\/site\/produto\/lanterna-rustica-c-alca-g-ref-463562\/","title":{"rendered":"Lanterna R\u00fastica Taboa c\/ Al\u00e7a G &#8211; REF 463562"},"content":{"rendered":"<p>Lanterna R\u00fastica c\/ Al\u00e7a G &#8211;<\/p>\n<p>REF 463562<\/p>\n<p>Medidas: 34cm x 30cm (altura x di\u00e2metro)<\/p>\n<p>Material: Taboa<\/p>\n<p>Cor: Natural<\/p>\n<p>OBS: N\u00e3o acompanha velas<\/p>\n<p>&nbsp;<\/p>\n","protected":false},"excerpt":{"rendered":"<p>Lanterna R\u00fastica c\/ Al\u00e7a G &#8211; REF 463562 Medidas: 34cm x 30cm (altura x di\u00e2metro) Material: Taboa Cor: Natural OBS: N\u00e3o acompanha velas &nbsp;<\/p>\n","protected":false},"featured_media":7729,"comment_status":"open","ping_status":"closed","template":"","meta":[],"product_cat":[164],"product_tag":[],"_links":{"self":[{"href":"https:\/\/boutiqueeventos.com.br\/site\/wp-json\/wp\/v2\/product\/7728"}],"collection":[{"href":"https:\/\/boutiqueeventos.com.br\/site\/wp-json\/wp\/v2\/product"}],"about":[{"href":"https:\/\/boutiqueeventos.com.br\/site\/wp-json\/wp\/v2\/types\/product"}],"replies":[{"embeddable":true,"href":"https:\/\/boutiqueeventos.com.br\/site\/wp-json\/wp\/v2\/comments?post=7728"}],"wp:featuredmedia":[{"embeddable":true,"href":"https:\/\/boutiqueeventos.com.br\/site\/wp-json\/wp\/v2\/media\/7729"}],"wp:attachment":[{"href":"https:\/\/boutiqueeventos.com.br\/site\/wp-json\/wp\/v2\/media?parent=7728"}],"wp:term":[{"taxonomy":"product_cat","embeddable":true,"href":"https:\/\/boutiqueeventos.com.br\/site\/wp-json\/wp\/v2\/product_cat?post=7728"},{"taxonomy":"product_tag","embeddable":true,"href":"https:\/\/boutiqueeventos.com.br\/site\/wp-json\/wp\/v2\/product_tag?post=7728"}],"curies":[{"name":"wp","href":"https:\/\/api.w.org\/{rel}","templated":true}]}}