{"id":7747,"date":"2022-06-29T16:34:47","date_gmt":"2022-06-29T19:34:47","guid":{"rendered":"https:\/\/boutiqueeventos.com.br\/site\/?post_type=product&#038;p=7747"},"modified":"2022-06-30T10:07:44","modified_gmt":"2022-06-30T13:07:44","slug":"duo-mesa-redonda-apoio-verde-cha-ref-13372","status":"publish","type":"product","link":"https:\/\/boutiqueeventos.com.br\/site\/produto\/duo-mesa-redonda-apoio-verde-cha-ref-13372\/","title":{"rendered":"Mesa de apoio redonda verde ch\u00e1 DUO &#8211; REF 13372"},"content":{"rendered":"<p>Duo mesa redonda apoio verde ch\u00e1 &#8211;<\/p>\n<p>REF 13372<\/p>\n<p>Medidas: Mesa alta 55cm x 43cm\u00a0 e mesa baixa 40cm x 60cm (altura x di\u00e2metro).<\/p>\n<p>Material: Madeira<\/p>\n<p>Cor: base madeira natural e tampo verde ch\u00e1<\/p>\n<p>OBS: N\u00e3o locamos separadas<\/p>\n","protected":false},"excerpt":{"rendered":"<p>Duo mesa redonda apoio verde ch\u00e1 &#8211; REF 13372 Medidas: Mesa alta 55cm x 43cm\u00a0 e mesa baixa 40cm x 60cm (altura x di\u00e2metro). Material: Madeira Cor: base madeira natural e tampo verde ch\u00e1 OBS: N\u00e3o locamos separadas<\/p>\n","protected":false},"featured_media":7748,"comment_status":"open","ping_status":"closed","template":"","meta":[],"product_cat":[141],"product_tag":[],"_links":{"self":[{"href":"https:\/\/boutiqueeventos.com.br\/site\/wp-json\/wp\/v2\/product\/7747"}],"collection":[{"href":"https:\/\/boutiqueeventos.com.br\/site\/wp-json\/wp\/v2\/product"}],"about":[{"href":"https:\/\/boutiqueeventos.com.br\/site\/wp-json\/wp\/v2\/types\/product"}],"replies":[{"embeddable":true,"href":"https:\/\/boutiqueeventos.com.br\/site\/wp-json\/wp\/v2\/comments?post=7747"}],"wp:featuredmedia":[{"embeddable":true,"href":"https:\/\/boutiqueeventos.com.br\/site\/wp-json\/wp\/v2\/media\/7748"}],"wp:attachment":[{"href":"https:\/\/boutiqueeventos.com.br\/site\/wp-json\/wp\/v2\/media?parent=7747"}],"wp:term":[{"taxonomy":"product_cat","embeddable":true,"href":"https:\/\/boutiqueeventos.com.br\/site\/wp-json\/wp\/v2\/product_cat?post=7747"},{"taxonomy":"product_tag","embeddable":true,"href":"https:\/\/boutiqueeventos.com.br\/site\/wp-json\/wp\/v2\/product_tag?post=7747"}],"curies":[{"name":"wp","href":"https:\/\/api.w.org\/{rel}","templated":true}]}}