{"id":7760,"date":"2022-06-30T09:39:07","date_gmt":"2022-06-30T12:39:07","guid":{"rendered":"https:\/\/boutiqueeventos.com.br\/site\/?post_type=product&#038;p=7760"},"modified":"2022-06-30T09:41:11","modified_gmt":"2022-06-30T12:41:11","slug":"aparador-em-madeira-demolicao-210x050x080-ref-474395","status":"publish","type":"product","link":"https:\/\/boutiqueeventos.com.br\/site\/produto\/aparador-em-madeira-demolicao-210x050x080-ref-474395\/","title":{"rendered":"Aparador em madeira demoli\u00e7\u00e3o &#8211; REF 474395"},"content":{"rendered":"<p>Aparador em madeira demoli\u00e7\u00e3o &#8211;<\/p>\n<p>REF 474395<\/p>\n<p>Medidas: 2,10&#215;0,50&#215;0,80 (comprimento x profundidade x altura)<\/p>\n<p>Material: Madeira canela<\/p>\n<p>Cor: amadeirado<\/p>\n","protected":false},"excerpt":{"rendered":"<p>Aparador em madeira demoli\u00e7\u00e3o &#8211; REF 474395 Medidas: 2,10&#215;0,50&#215;0,80 (comprimento x profundidade x altura) Material: Madeira canela Cor: amadeirado<\/p>\n","protected":false},"featured_media":7762,"comment_status":"open","ping_status":"closed","template":"","meta":[],"product_cat":[129],"product_tag":[],"_links":{"self":[{"href":"https:\/\/boutiqueeventos.com.br\/site\/wp-json\/wp\/v2\/product\/7760"}],"collection":[{"href":"https:\/\/boutiqueeventos.com.br\/site\/wp-json\/wp\/v2\/product"}],"about":[{"href":"https:\/\/boutiqueeventos.com.br\/site\/wp-json\/wp\/v2\/types\/product"}],"replies":[{"embeddable":true,"href":"https:\/\/boutiqueeventos.com.br\/site\/wp-json\/wp\/v2\/comments?post=7760"}],"wp:featuredmedia":[{"embeddable":true,"href":"https:\/\/boutiqueeventos.com.br\/site\/wp-json\/wp\/v2\/media\/7762"}],"wp:attachment":[{"href":"https:\/\/boutiqueeventos.com.br\/site\/wp-json\/wp\/v2\/media?parent=7760"}],"wp:term":[{"taxonomy":"product_cat","embeddable":true,"href":"https:\/\/boutiqueeventos.com.br\/site\/wp-json\/wp\/v2\/product_cat?post=7760"},{"taxonomy":"product_tag","embeddable":true,"href":"https:\/\/boutiqueeventos.com.br\/site\/wp-json\/wp\/v2\/product_tag?post=7760"}],"curies":[{"name":"wp","href":"https:\/\/api.w.org\/{rel}","templated":true}]}}