{"id":7856,"date":"2022-09-05T17:25:10","date_gmt":"2022-09-05T20:25:10","guid":{"rendered":"https:\/\/boutiqueeventos.com.br\/site\/?post_type=product&#038;p=7856"},"modified":"2022-09-05T17:25:10","modified_gmt":"2022-09-05T20:25:10","slug":"conjunto-bistro-comunitario-teca-240x-070cm-8-lugares-ref-14825","status":"publish","type":"product","link":"https:\/\/boutiqueeventos.com.br\/site\/produto\/conjunto-bistro-comunitario-teca-240x-070cm-8-lugares-ref-14825\/","title":{"rendered":"Conjunto bistr\u00f4 comunit\u00e1rio Teca 2,40x 0,70cm 8 lugares &#8211; REF 14825"},"content":{"rendered":"<p>Conj. bistr\u00f4 comunit\u00e1rio Teca<\/p>\n<ul>\n<li>01 mesa comunit\u00e1ria Teca<\/li>\n<li>8 banquetas<\/li>\n<\/ul>\n<p>REF 14825<\/p>\n<p>Medidas: 2,40 x 0,70cm<\/p>\n<p>8 lugares<\/p>\n","protected":false},"excerpt":{"rendered":"<p>Conj. bistr\u00f4 comunit\u00e1rio Teca 01 mesa comunit\u00e1ria Teca 8 banquetas REF 14825 Medidas: 2,40 x 0,70cm 8 lugares<\/p>\n","protected":false},"featured_media":7857,"comment_status":"open","ping_status":"closed","template":"","meta":[],"product_cat":[15],"product_tag":[],"_links":{"self":[{"href":"https:\/\/boutiqueeventos.com.br\/site\/wp-json\/wp\/v2\/product\/7856"}],"collection":[{"href":"https:\/\/boutiqueeventos.com.br\/site\/wp-json\/wp\/v2\/product"}],"about":[{"href":"https:\/\/boutiqueeventos.com.br\/site\/wp-json\/wp\/v2\/types\/product"}],"replies":[{"embeddable":true,"href":"https:\/\/boutiqueeventos.com.br\/site\/wp-json\/wp\/v2\/comments?post=7856"}],"wp:featuredmedia":[{"embeddable":true,"href":"https:\/\/boutiqueeventos.com.br\/site\/wp-json\/wp\/v2\/media\/7857"}],"wp:attachment":[{"href":"https:\/\/boutiqueeventos.com.br\/site\/wp-json\/wp\/v2\/media?parent=7856"}],"wp:term":[{"taxonomy":"product_cat","embeddable":true,"href":"https:\/\/boutiqueeventos.com.br\/site\/wp-json\/wp\/v2\/product_cat?post=7856"},{"taxonomy":"product_tag","embeddable":true,"href":"https:\/\/boutiqueeventos.com.br\/site\/wp-json\/wp\/v2\/product_tag?post=7856"}],"curies":[{"name":"wp","href":"https:\/\/api.w.org\/{rel}","templated":true}]}}