{"id":8150,"date":"2023-03-15T15:26:11","date_gmt":"2023-03-15T18:26:11","guid":{"rendered":"https:\/\/boutiqueeventos.com.br\/site\/?post_type=product&#038;p=8150"},"modified":"2023-03-15T15:35:04","modified_gmt":"2023-03-15T18:35:04","slug":"vaso-ceramica-roma-ref-609716","status":"publish","type":"product","link":"https:\/\/boutiqueeventos.com.br\/site\/produto\/vaso-ceramica-roma-ref-609716\/","title":{"rendered":"Vaso cer\u00e2mica N\u00e1zca &#8211; REF 609716"},"content":{"rendered":"<p>Vaso cer\u00e2mica N\u00e1zca<\/p>\n<p>REF 609716<\/p>\n<p>Medidas: 14x13cm (di\u00e2metro x altura)<\/p>\n<p>Material: Cer\u00e2mica<\/p>\n","protected":false},"excerpt":{"rendered":"<p>Vaso cer\u00e2mica N\u00e1zca REF 609716 Medidas: 14x13cm (di\u00e2metro x altura) Material: Cer\u00e2mica<\/p>\n","protected":false},"featured_media":8151,"comment_status":"open","ping_status":"closed","template":"","meta":[],"product_cat":[158],"product_tag":[],"_links":{"self":[{"href":"https:\/\/boutiqueeventos.com.br\/site\/wp-json\/wp\/v2\/product\/8150"}],"collection":[{"href":"https:\/\/boutiqueeventos.com.br\/site\/wp-json\/wp\/v2\/product"}],"about":[{"href":"https:\/\/boutiqueeventos.com.br\/site\/wp-json\/wp\/v2\/types\/product"}],"replies":[{"embeddable":true,"href":"https:\/\/boutiqueeventos.com.br\/site\/wp-json\/wp\/v2\/comments?post=8150"}],"wp:featuredmedia":[{"embeddable":true,"href":"https:\/\/boutiqueeventos.com.br\/site\/wp-json\/wp\/v2\/media\/8151"}],"wp:attachment":[{"href":"https:\/\/boutiqueeventos.com.br\/site\/wp-json\/wp\/v2\/media?parent=8150"}],"wp:term":[{"taxonomy":"product_cat","embeddable":true,"href":"https:\/\/boutiqueeventos.com.br\/site\/wp-json\/wp\/v2\/product_cat?post=8150"},{"taxonomy":"product_tag","embeddable":true,"href":"https:\/\/boutiqueeventos.com.br\/site\/wp-json\/wp\/v2\/product_tag?post=8150"}],"curies":[{"name":"wp","href":"https:\/\/api.w.org\/{rel}","templated":true}]}}