{"id":8159,"date":"2023-03-15T16:21:49","date_gmt":"2023-03-15T19:21:49","guid":{"rendered":"https:\/\/boutiqueeventos.com.br\/site\/?post_type=product&#038;p=8159"},"modified":"2023-03-15T16:21:49","modified_gmt":"2023-03-15T19:21:49","slug":"vaso-ceramica-trancado-c-pe-p-ref-609847","status":"publish","type":"product","link":"https:\/\/boutiqueeventos.com.br\/site\/produto\/vaso-ceramica-trancado-c-pe-p-ref-609847\/","title":{"rendered":"Vaso cer\u00e2mica tran\u00e7ado c\/ p\u00e9 P &#8211; REF 609847"},"content":{"rendered":"<p>Vaso cer\u00e2mica tran\u00e7ado c\/ p\u00e9 P<\/p>\n<p>REF 609847<\/p>\n<p>Medidas: 26x16cm (altura x di\u00e2metro)<\/p>\n<p>Material: Cer\u00e2mica e madeira<\/p>\n","protected":false},"excerpt":{"rendered":"<p>Vaso cer\u00e2mica tran\u00e7ado c\/ p\u00e9 P REF 609847 Medidas: 26x16cm (altura x di\u00e2metro) Material: Cer\u00e2mica e madeira<\/p>\n","protected":false},"featured_media":8160,"comment_status":"open","ping_status":"closed","template":"","meta":[],"product_cat":[158],"product_tag":[],"_links":{"self":[{"href":"https:\/\/boutiqueeventos.com.br\/site\/wp-json\/wp\/v2\/product\/8159"}],"collection":[{"href":"https:\/\/boutiqueeventos.com.br\/site\/wp-json\/wp\/v2\/product"}],"about":[{"href":"https:\/\/boutiqueeventos.com.br\/site\/wp-json\/wp\/v2\/types\/product"}],"replies":[{"embeddable":true,"href":"https:\/\/boutiqueeventos.com.br\/site\/wp-json\/wp\/v2\/comments?post=8159"}],"wp:featuredmedia":[{"embeddable":true,"href":"https:\/\/boutiqueeventos.com.br\/site\/wp-json\/wp\/v2\/media\/8160"}],"wp:attachment":[{"href":"https:\/\/boutiqueeventos.com.br\/site\/wp-json\/wp\/v2\/media?parent=8159"}],"wp:term":[{"taxonomy":"product_cat","embeddable":true,"href":"https:\/\/boutiqueeventos.com.br\/site\/wp-json\/wp\/v2\/product_cat?post=8159"},{"taxonomy":"product_tag","embeddable":true,"href":"https:\/\/boutiqueeventos.com.br\/site\/wp-json\/wp\/v2\/product_tag?post=8159"}],"curies":[{"name":"wp","href":"https:\/\/api.w.org\/{rel}","templated":true}]}}