{"id":8161,"date":"2023-03-15T16:28:16","date_gmt":"2023-03-15T19:28:16","guid":{"rendered":"https:\/\/boutiqueeventos.com.br\/site\/?post_type=product&#038;p=8161"},"modified":"2023-03-15T16:28:17","modified_gmt":"2023-03-15T19:28:17","slug":"vaso-ceramica-trancado-c-pe-m-ref-609866","status":"publish","type":"product","link":"https:\/\/boutiqueeventos.com.br\/site\/produto\/vaso-ceramica-trancado-c-pe-m-ref-609866\/","title":{"rendered":"Vaso cer\u00e2mica tran\u00e7ado c\/ p\u00e9 M &#8211; REF 609866"},"content":{"rendered":"<p>Vaso cer\u00e2mica tran\u00e7ado c\/ p\u00e9 M<\/p>\n<p>REF 609866<\/p>\n<p>Medidas: 32,50&#215;18,00cm (Altura x di\u00e2metro)<\/p>\n<p>Material: Cer\u00e2mica e madeira<\/p>\n","protected":false},"excerpt":{"rendered":"<p>Vaso cer\u00e2mica tran\u00e7ado c\/ p\u00e9 M REF 609866 Medidas: 32,50&#215;18,00cm (Altura x di\u00e2metro) Material: Cer\u00e2mica e madeira<\/p>\n","protected":false},"featured_media":8162,"comment_status":"open","ping_status":"closed","template":"","meta":[],"product_cat":[158],"product_tag":[],"_links":{"self":[{"href":"https:\/\/boutiqueeventos.com.br\/site\/wp-json\/wp\/v2\/product\/8161"}],"collection":[{"href":"https:\/\/boutiqueeventos.com.br\/site\/wp-json\/wp\/v2\/product"}],"about":[{"href":"https:\/\/boutiqueeventos.com.br\/site\/wp-json\/wp\/v2\/types\/product"}],"replies":[{"embeddable":true,"href":"https:\/\/boutiqueeventos.com.br\/site\/wp-json\/wp\/v2\/comments?post=8161"}],"wp:featuredmedia":[{"embeddable":true,"href":"https:\/\/boutiqueeventos.com.br\/site\/wp-json\/wp\/v2\/media\/8162"}],"wp:attachment":[{"href":"https:\/\/boutiqueeventos.com.br\/site\/wp-json\/wp\/v2\/media?parent=8161"}],"wp:term":[{"taxonomy":"product_cat","embeddable":true,"href":"https:\/\/boutiqueeventos.com.br\/site\/wp-json\/wp\/v2\/product_cat?post=8161"},{"taxonomy":"product_tag","embeddable":true,"href":"https:\/\/boutiqueeventos.com.br\/site\/wp-json\/wp\/v2\/product_tag?post=8161"}],"curies":[{"name":"wp","href":"https:\/\/api.w.org\/{rel}","templated":true}]}}