{"id":8377,"date":"2023-06-30T09:56:08","date_gmt":"2023-06-30T12:56:08","guid":{"rendered":"https:\/\/boutiqueeventos.com.br\/site\/?post_type=product&#038;p=8377"},"modified":"2023-06-30T10:13:03","modified_gmt":"2023-06-30T13:13:03","slug":"pendente-linear-industrial-com-lampadas-filamento-led-ref-677775","status":"publish","type":"product","link":"https:\/\/boutiqueeventos.com.br\/site\/produto\/pendente-linear-industrial-com-lampadas-filamento-led-ref-677775\/","title":{"rendered":"Pendente linear industrial com l\u00e2mpadas filamento led &#8211; REF 677775"},"content":{"rendered":"<p>Pendente linear industrial com l\u00e2mpadas filamento-led<\/p>\n<p>REF 677775<\/p>\n<p>Medidas: 115x95cm (comprimento x altura)<\/p>\n<p>Material: Estrutura em metal, fia\u00e7\u00e3o el\u00e9trica, 06 bocais e 06 l\u00e2mpadas Filamento-Led<\/p>\n<p>Cor: Preto, luz quente<\/p>\n","protected":false},"excerpt":{"rendered":"<p>Pendente linear industrial com l\u00e2mpadas filamento-led REF 677775 Medidas: 115x95cm (comprimento x altura) Material: Estrutura em metal, fia\u00e7\u00e3o el\u00e9trica, 06 bocais e 06 l\u00e2mpadas Filamento-Led Cor: Preto, luz quente<\/p>\n","protected":false},"featured_media":8378,"comment_status":"open","ping_status":"closed","template":"","meta":[],"product_cat":[137],"product_tag":[],"_links":{"self":[{"href":"https:\/\/boutiqueeventos.com.br\/site\/wp-json\/wp\/v2\/product\/8377"}],"collection":[{"href":"https:\/\/boutiqueeventos.com.br\/site\/wp-json\/wp\/v2\/product"}],"about":[{"href":"https:\/\/boutiqueeventos.com.br\/site\/wp-json\/wp\/v2\/types\/product"}],"replies":[{"embeddable":true,"href":"https:\/\/boutiqueeventos.com.br\/site\/wp-json\/wp\/v2\/comments?post=8377"}],"wp:featuredmedia":[{"embeddable":true,"href":"https:\/\/boutiqueeventos.com.br\/site\/wp-json\/wp\/v2\/media\/8378"}],"wp:attachment":[{"href":"https:\/\/boutiqueeventos.com.br\/site\/wp-json\/wp\/v2\/media?parent=8377"}],"wp:term":[{"taxonomy":"product_cat","embeddable":true,"href":"https:\/\/boutiqueeventos.com.br\/site\/wp-json\/wp\/v2\/product_cat?post=8377"},{"taxonomy":"product_tag","embeddable":true,"href":"https:\/\/boutiqueeventos.com.br\/site\/wp-json\/wp\/v2\/product_tag?post=8377"}],"curies":[{"name":"wp","href":"https:\/\/api.w.org\/{rel}","templated":true}]}}