{"id":8451,"date":"2023-08-15T10:36:12","date_gmt":"2023-08-15T13:36:12","guid":{"rendered":"https:\/\/boutiqueeventos.com.br\/site\/?post_type=product&#038;p=8451"},"modified":"2023-08-15T10:36:12","modified_gmt":"2023-08-15T13:36:12","slug":"mesa-redonda-madeira-120m-diametro-pe-torneado-ref-555594","status":"publish","type":"product","link":"https:\/\/boutiqueeventos.com.br\/site\/produto\/mesa-redonda-madeira-120m-diametro-pe-torneado-ref-555594\/","title":{"rendered":"Mesa redonda madeira 1,20m di\u00e2metro p\u00e9 torneado &#8211; REF 555594"},"content":{"rendered":"<p>Mesa redonda madeira p\u00e9 torneado<\/p>\n<p>REF 555594<\/p>\n<p>Medidas: 1,20&#215;0,75m (di\u00e2metro x altura)<\/p>\n","protected":false},"excerpt":{"rendered":"<p>Mesa redonda madeira p\u00e9 torneado REF 555594 Medidas: 1,20&#215;0,75m (di\u00e2metro x altura)<\/p>\n","protected":false},"featured_media":8452,"comment_status":"open","ping_status":"closed","template":"","meta":[],"product_cat":[138],"product_tag":[],"_links":{"self":[{"href":"https:\/\/boutiqueeventos.com.br\/site\/wp-json\/wp\/v2\/product\/8451"}],"collection":[{"href":"https:\/\/boutiqueeventos.com.br\/site\/wp-json\/wp\/v2\/product"}],"about":[{"href":"https:\/\/boutiqueeventos.com.br\/site\/wp-json\/wp\/v2\/types\/product"}],"replies":[{"embeddable":true,"href":"https:\/\/boutiqueeventos.com.br\/site\/wp-json\/wp\/v2\/comments?post=8451"}],"wp:featuredmedia":[{"embeddable":true,"href":"https:\/\/boutiqueeventos.com.br\/site\/wp-json\/wp\/v2\/media\/8452"}],"wp:attachment":[{"href":"https:\/\/boutiqueeventos.com.br\/site\/wp-json\/wp\/v2\/media?parent=8451"}],"wp:term":[{"taxonomy":"product_cat","embeddable":true,"href":"https:\/\/boutiqueeventos.com.br\/site\/wp-json\/wp\/v2\/product_cat?post=8451"},{"taxonomy":"product_tag","embeddable":true,"href":"https:\/\/boutiqueeventos.com.br\/site\/wp-json\/wp\/v2\/product_tag?post=8451"}],"curies":[{"name":"wp","href":"https:\/\/api.w.org\/{rel}","templated":true}]}}