{"id":8462,"date":"2023-08-17T16:29:08","date_gmt":"2023-08-17T19:29:08","guid":{"rendered":"https:\/\/boutiqueeventos.com.br\/site\/?post_type=product&#038;p=8462"},"modified":"2023-08-17T16:29:08","modified_gmt":"2023-08-17T19:29:08","slug":"vaso-ceramica-israel-p-ref-723383","status":"publish","type":"product","link":"https:\/\/boutiqueeventos.com.br\/site\/produto\/vaso-ceramica-israel-p-ref-723383\/","title":{"rendered":"Vaso Cer\u00e2mica Israel P &#8211; REF 723383"},"content":{"rendered":"<p>Vaso Cer\u00e2mica Israel P<\/p>\n<p>REF 723383<\/p>\n<p>Medidas: 23x13cm (altura x di\u00e2metro)<\/p>\n<p>Material: Cer\u00e2mica<\/p>\n<p>Cor: Nude\/cinza mescla<\/p>\n","protected":false},"excerpt":{"rendered":"<p>Vaso Cer\u00e2mica Israel P REF 723383 Medidas: 23x13cm (altura x di\u00e2metro) Material: Cer\u00e2mica Cor: Nude\/cinza mescla<\/p>\n","protected":false},"featured_media":8463,"comment_status":"open","ping_status":"closed","template":"","meta":[],"product_cat":[158],"product_tag":[],"_links":{"self":[{"href":"https:\/\/boutiqueeventos.com.br\/site\/wp-json\/wp\/v2\/product\/8462"}],"collection":[{"href":"https:\/\/boutiqueeventos.com.br\/site\/wp-json\/wp\/v2\/product"}],"about":[{"href":"https:\/\/boutiqueeventos.com.br\/site\/wp-json\/wp\/v2\/types\/product"}],"replies":[{"embeddable":true,"href":"https:\/\/boutiqueeventos.com.br\/site\/wp-json\/wp\/v2\/comments?post=8462"}],"wp:featuredmedia":[{"embeddable":true,"href":"https:\/\/boutiqueeventos.com.br\/site\/wp-json\/wp\/v2\/media\/8463"}],"wp:attachment":[{"href":"https:\/\/boutiqueeventos.com.br\/site\/wp-json\/wp\/v2\/media?parent=8462"}],"wp:term":[{"taxonomy":"product_cat","embeddable":true,"href":"https:\/\/boutiqueeventos.com.br\/site\/wp-json\/wp\/v2\/product_cat?post=8462"},{"taxonomy":"product_tag","embeddable":true,"href":"https:\/\/boutiqueeventos.com.br\/site\/wp-json\/wp\/v2\/product_tag?post=8462"}],"curies":[{"name":"wp","href":"https:\/\/api.w.org\/{rel}","templated":true}]}}