{"id":8465,"date":"2023-08-17T16:44:35","date_gmt":"2023-08-17T19:44:35","guid":{"rendered":"https:\/\/boutiqueeventos.com.br\/site\/?post_type=product&#038;p=8465"},"modified":"2023-08-17T16:44:36","modified_gmt":"2023-08-17T19:44:36","slug":"vaso-ceramica-israel-baixo-ref-723397","status":"publish","type":"product","link":"https:\/\/boutiqueeventos.com.br\/site\/produto\/vaso-ceramica-israel-baixo-ref-723397\/","title":{"rendered":"Vaso cer\u00e2mica Israel baixo &#8211; REF 723397"},"content":{"rendered":"<table id=\"tblProduto\" class=\"table table-hover table-condensed dataTable no-footer dtr-inline collapsed\" role=\"grid\" aria-describedby=\"tblProduto_info\">\n<tbody>\n<tr class=\"odd\" role=\"row\">\n<td>Vaso cer\u00e2mica Israel baixo<\/p>\n<p>REF 723397<\/p>\n<p>Medidas: 9x18cm (altura x di\u00e2metro)<\/p>\n<p>Material: Cer\u00e2mica<\/p>\n<p>Cor: Nude\/Cinza mescla<\/td>\n<\/tr>\n<\/tbody>\n<\/table>\n","protected":false},"excerpt":{"rendered":"<p>Vaso cer\u00e2mica Israel baixo REF 723397 Medidas: 9x18cm (altura x di\u00e2metro) Material: Cer\u00e2mica Cor: Nude\/Cinza mescla<\/p>\n","protected":false},"featured_media":8466,"comment_status":"open","ping_status":"closed","template":"","meta":[],"product_cat":[158],"product_tag":[],"_links":{"self":[{"href":"https:\/\/boutiqueeventos.com.br\/site\/wp-json\/wp\/v2\/product\/8465"}],"collection":[{"href":"https:\/\/boutiqueeventos.com.br\/site\/wp-json\/wp\/v2\/product"}],"about":[{"href":"https:\/\/boutiqueeventos.com.br\/site\/wp-json\/wp\/v2\/types\/product"}],"replies":[{"embeddable":true,"href":"https:\/\/boutiqueeventos.com.br\/site\/wp-json\/wp\/v2\/comments?post=8465"}],"wp:featuredmedia":[{"embeddable":true,"href":"https:\/\/boutiqueeventos.com.br\/site\/wp-json\/wp\/v2\/media\/8466"}],"wp:attachment":[{"href":"https:\/\/boutiqueeventos.com.br\/site\/wp-json\/wp\/v2\/media?parent=8465"}],"wp:term":[{"taxonomy":"product_cat","embeddable":true,"href":"https:\/\/boutiqueeventos.com.br\/site\/wp-json\/wp\/v2\/product_cat?post=8465"},{"taxonomy":"product_tag","embeddable":true,"href":"https:\/\/boutiqueeventos.com.br\/site\/wp-json\/wp\/v2\/product_tag?post=8465"}],"curies":[{"name":"wp","href":"https:\/\/api.w.org\/{rel}","templated":true}]}}