{"id":8490,"date":"2023-08-21T16:42:35","date_gmt":"2023-08-21T19:42:35","guid":{"rendered":"https:\/\/boutiqueeventos.com.br\/site\/?post_type=product&#038;p=8490"},"modified":"2023-08-22T10:37:22","modified_gmt":"2023-08-22T13:37:22","slug":"vaso-ceramica-obelisco-p-ref-724876","status":"publish","type":"product","link":"https:\/\/boutiqueeventos.com.br\/site\/produto\/vaso-ceramica-obelisco-p-ref-724876\/","title":{"rendered":"Garrafa Cer\u00e2mica Obelisco P &#8211; REF 724876"},"content":{"rendered":"<p>Garrafa Cer\u00e2mica Obelisco P<\/p>\n<p>REF 724876<\/p>\n<p>Medidas: 18x9cm (Altura x Di\u00e2metro)<\/p>\n<p>Material: Cer\u00e2mica<\/p>\n<p>Cor: Azul mescla<\/p>\n","protected":false},"excerpt":{"rendered":"<p>Garrafa Cer\u00e2mica Obelisco P REF 724876 Medidas: 18x9cm (Altura x Di\u00e2metro) Material: Cer\u00e2mica Cor: Azul mescla<\/p>\n","protected":false},"featured_media":8491,"comment_status":"open","ping_status":"closed","template":"","meta":[],"product_cat":[158],"product_tag":[],"_links":{"self":[{"href":"https:\/\/boutiqueeventos.com.br\/site\/wp-json\/wp\/v2\/product\/8490"}],"collection":[{"href":"https:\/\/boutiqueeventos.com.br\/site\/wp-json\/wp\/v2\/product"}],"about":[{"href":"https:\/\/boutiqueeventos.com.br\/site\/wp-json\/wp\/v2\/types\/product"}],"replies":[{"embeddable":true,"href":"https:\/\/boutiqueeventos.com.br\/site\/wp-json\/wp\/v2\/comments?post=8490"}],"wp:featuredmedia":[{"embeddable":true,"href":"https:\/\/boutiqueeventos.com.br\/site\/wp-json\/wp\/v2\/media\/8491"}],"wp:attachment":[{"href":"https:\/\/boutiqueeventos.com.br\/site\/wp-json\/wp\/v2\/media?parent=8490"}],"wp:term":[{"taxonomy":"product_cat","embeddable":true,"href":"https:\/\/boutiqueeventos.com.br\/site\/wp-json\/wp\/v2\/product_cat?post=8490"},{"taxonomy":"product_tag","embeddable":true,"href":"https:\/\/boutiqueeventos.com.br\/site\/wp-json\/wp\/v2\/product_tag?post=8490"}],"curies":[{"name":"wp","href":"https:\/\/api.w.org\/{rel}","templated":true}]}}