{"id":8557,"date":"2023-08-24T14:26:03","date_gmt":"2023-08-24T17:26:03","guid":{"rendered":"https:\/\/boutiqueeventos.com.br\/site\/?post_type=product&#038;p=8557"},"modified":"2023-08-24T14:29:13","modified_gmt":"2023-08-24T17:29:13","slug":"vaso-ceramica-modena-m-ref-726405","status":"publish","type":"product","link":"https:\/\/boutiqueeventos.com.br\/site\/produto\/vaso-ceramica-modena-m-ref-726405\/","title":{"rendered":"Vaso cer\u00e2mica Modena M &#8211; REF 726405"},"content":{"rendered":"<p>Vaso cer\u00e2mica Modena M<\/p>\n<p>REF 726405<\/p>\n<p>Medidas: 26&#215;16 (Altura x Di\u00e2metro)<\/p>\n<p>Material: Cer\u00e2mica<\/p>\n<p>Cor: Grafite<\/p>\n","protected":false},"excerpt":{"rendered":"<p>Vaso cer\u00e2mica Modena M REF 726405 Medidas: 26&#215;16 (Altura x Di\u00e2metro) Material: Cer\u00e2mica Cor: Grafite<\/p>\n","protected":false},"featured_media":8559,"comment_status":"open","ping_status":"closed","template":"","meta":[],"product_cat":[158],"product_tag":[],"_links":{"self":[{"href":"https:\/\/boutiqueeventos.com.br\/site\/wp-json\/wp\/v2\/product\/8557"}],"collection":[{"href":"https:\/\/boutiqueeventos.com.br\/site\/wp-json\/wp\/v2\/product"}],"about":[{"href":"https:\/\/boutiqueeventos.com.br\/site\/wp-json\/wp\/v2\/types\/product"}],"replies":[{"embeddable":true,"href":"https:\/\/boutiqueeventos.com.br\/site\/wp-json\/wp\/v2\/comments?post=8557"}],"wp:featuredmedia":[{"embeddable":true,"href":"https:\/\/boutiqueeventos.com.br\/site\/wp-json\/wp\/v2\/media\/8559"}],"wp:attachment":[{"href":"https:\/\/boutiqueeventos.com.br\/site\/wp-json\/wp\/v2\/media?parent=8557"}],"wp:term":[{"taxonomy":"product_cat","embeddable":true,"href":"https:\/\/boutiqueeventos.com.br\/site\/wp-json\/wp\/v2\/product_cat?post=8557"},{"taxonomy":"product_tag","embeddable":true,"href":"https:\/\/boutiqueeventos.com.br\/site\/wp-json\/wp\/v2\/product_tag?post=8557"}],"curies":[{"name":"wp","href":"https:\/\/api.w.org\/{rel}","templated":true}]}}