{"id":8833,"date":"2024-02-05T11:49:12","date_gmt":"2024-02-05T14:49:12","guid":{"rendered":"https:\/\/boutiqueeventos.com.br\/site\/?post_type=product&#038;p=8833"},"modified":"2024-02-05T11:57:51","modified_gmt":"2024-02-05T14:57:51","slug":"vaso-ceramica-etnico-fendi-ref-809402","status":"publish","type":"product","link":"https:\/\/boutiqueeventos.com.br\/site\/produto\/vaso-ceramica-etnico-fendi-ref-809402\/","title":{"rendered":"Vaso cer\u00e2mica \u00e9tnico fendi &#8211; REF 809402"},"content":{"rendered":"<p>Vaso cer\u00e2mica \u00e9tnico fendi<\/p>\n<p>REF 809402<\/p>\n<p>Material: Cer\u00e2mica<\/p>\n<p>Cor: Fendi e branco<\/p>\n<p>Medidas: 25x15cm (altura x largura)<\/p>\n","protected":false},"excerpt":{"rendered":"<p>Vaso cer\u00e2mica \u00e9tnico fendi REF 809402 Material: Cer\u00e2mica Cor: Fendi e branco Medidas: 25x15cm (altura x largura)<\/p>\n","protected":false},"featured_media":8834,"comment_status":"open","ping_status":"closed","template":"","meta":[],"product_cat":[15,158],"product_tag":[],"_links":{"self":[{"href":"https:\/\/boutiqueeventos.com.br\/site\/wp-json\/wp\/v2\/product\/8833"}],"collection":[{"href":"https:\/\/boutiqueeventos.com.br\/site\/wp-json\/wp\/v2\/product"}],"about":[{"href":"https:\/\/boutiqueeventos.com.br\/site\/wp-json\/wp\/v2\/types\/product"}],"replies":[{"embeddable":true,"href":"https:\/\/boutiqueeventos.com.br\/site\/wp-json\/wp\/v2\/comments?post=8833"}],"wp:featuredmedia":[{"embeddable":true,"href":"https:\/\/boutiqueeventos.com.br\/site\/wp-json\/wp\/v2\/media\/8834"}],"wp:attachment":[{"href":"https:\/\/boutiqueeventos.com.br\/site\/wp-json\/wp\/v2\/media?parent=8833"}],"wp:term":[{"taxonomy":"product_cat","embeddable":true,"href":"https:\/\/boutiqueeventos.com.br\/site\/wp-json\/wp\/v2\/product_cat?post=8833"},{"taxonomy":"product_tag","embeddable":true,"href":"https:\/\/boutiqueeventos.com.br\/site\/wp-json\/wp\/v2\/product_tag?post=8833"}],"curies":[{"name":"wp","href":"https:\/\/api.w.org\/{rel}","templated":true}]}}