{"id":915,"date":"2017-05-11T16:20:22","date_gmt":"2017-05-11T19:20:22","guid":{"rendered":"https:\/\/boutiqueeventos.com.br\/site\/index.php\/produto\/cenografia-olimpiadas-rio-2016\/"},"modified":"2017-05-11T16:20:22","modified_gmt":"2017-05-11T19:20:22","slug":"cenografia-olimpiadas-rio-2016","status":"publish","type":"product","link":"https:\/\/boutiqueeventos.com.br\/site\/produto\/cenografia-olimpiadas-rio-2016\/","title":{"rendered":"Cenografia Olimp\u00edadas Rio 2016"},"content":{"rendered":"<p>[Descri\u00e7\u00e3o completa]<\/p>\n","protected":false},"excerpt":{"rendered":"<p>[Descri\u00e7\u00e3o resumida]<\/p>\n","protected":false},"featured_media":0,"comment_status":"open","ping_status":"closed","template":"","meta":[],"product_cat":[149],"product_tag":[],"_links":{"self":[{"href":"https:\/\/boutiqueeventos.com.br\/site\/wp-json\/wp\/v2\/product\/915"}],"collection":[{"href":"https:\/\/boutiqueeventos.com.br\/site\/wp-json\/wp\/v2\/product"}],"about":[{"href":"https:\/\/boutiqueeventos.com.br\/site\/wp-json\/wp\/v2\/types\/product"}],"replies":[{"embeddable":true,"href":"https:\/\/boutiqueeventos.com.br\/site\/wp-json\/wp\/v2\/comments?post=915"}],"wp:attachment":[{"href":"https:\/\/boutiqueeventos.com.br\/site\/wp-json\/wp\/v2\/media?parent=915"}],"wp:term":[{"taxonomy":"product_cat","embeddable":true,"href":"https:\/\/boutiqueeventos.com.br\/site\/wp-json\/wp\/v2\/product_cat?post=915"},{"taxonomy":"product_tag","embeddable":true,"href":"https:\/\/boutiqueeventos.com.br\/site\/wp-json\/wp\/v2\/product_tag?post=915"}],"curies":[{"name":"wp","href":"https:\/\/api.w.org\/{rel}","templated":true}]}}